{"id":305,"date":"2021-08-16T16:05:53","date_gmt":"2021-08-16T16:05:53","guid":{"rendered":"https:\/\/onboarding.paymont.eu\/?page_id=305"},"modified":"2024-08-28T09:18:40","modified_gmt":"2024-08-28T09:18:40","slug":"products","status":"publish","type":"page","link":"https:\/\/onboarding.paymont.eu\/cs\/products\/","title":{"rendered":"Produkty"},"content":{"rendered":"<section class=\"vc_section\"><div class=\"vc_row wpb_row vc_row-fluid pm-container vc_custom_1632310310607\" ><div class=\"wpb_column vc_column_container vc_col-sm-12\"><div class=\"vc_column-inner\"><div class=\"wpb_wrapper\">\n\t<div class=\"wpb_text_column wpb_content_element  pm-text_extrabig text-black\" >\n\t\t<div class=\"wpb_wrapper\">\n\t\t\t\n\t\t<\/div>\n\t<\/div>\n<div class=\"vc_empty_space\" id=\"services_tabs\"  style=\"height: 60px\"><span class=\"vc_empty_space_inner\"><\/span><\/div><div class=\"mkdf-tabs pm-tabs mkdf-tabs-vertical\">\n\t<ul class=\"mkdf-tabs-nav clearfix\">\n\t\t\t\t\t<li>\n\t\t\t\t\t\t\t\t\t<a href=\"#tab-payment-account-for-trust-fund\">Platebn\u00ed \u00fa\u010dty pro sv\u011b\u0159ensk\u00e9 fondy<\/a>\n\t\t\t\t\t\t\t<\/li>\n\t\t\t\t\t<li>\n\t\t\t\t\t\t\t\t\t<a href=\"#tab-payment-account\">Platebn\u00ed \u00fa\u010det<\/a>\n\t\t\t\t\t\t\t<\/li>\n\t\t\t\t\t<li>\n\t\t\t\t\t\t\t\t\t<a href=\"#tab-foreign-exchange\">Sm\u011bna m\u011bn (FX)<\/a>\n\t\t\t\t\t\t\t<\/li>\n\t\t\t\t\t<li>\n\t\t\t\t\t\t\t\t\t<a href=\"#tab-open-banking\">Otev\u0159en\u00e9 bankovnictv\u00ed<\/a>\n\t\t\t\t\t\t\t<\/li>\n\t\t\t<\/ul>\n\t<div class=\"mkdf-tab-container\" id=\"tab-payment-account-for-trust-fund-777\">\n    <div class=\"inner\">\n                <h2 class=\"mkdf-tab-title\">\n            Platebn\u00ed \u00fa\u010dty pro sv\u011b\u0159ensk\u00e9 fondy        <\/h2>\n            <div class=\"mkdf-tab-content-holder\">\n        <div class=\"mkdf-tab-content\">\n            \n\t<div class=\"wpb_text_column wpb_content_element\" >\n\t\t<div class=\"wpb_wrapper\">\n\t\t\t<p>A\u0165 u\u017e zakl\u00e1d\u00e1te sv\u011b\u0159ensk\u00fd fond pro pot\u0159eby va\u0161ich bl\u00edzk\u00fdch nebo jste profesion\u00e1ln\u00edm sv\u011b\u0159ensk\u00fdm spr\u00e1vcem, nev\u00e1hejte se na n\u00e1s obr\u00e1tit s po\u017eadavkem na otev\u0159en\u00ed \u00fa\u010dtu.<\/p>\n<h4><strong>You can TRUST us<\/strong><\/h4>\n<h5><strong>Pro\u010d si zalo\u017eit \u00fa\u010det pro v\u00e1\u0161 sv\u011b\u0159ensk\u00fd fond pr\u00e1v\u011b u PAYMONT<\/strong><\/h5>\n<p><strong><img loading=\"lazy\" decoding=\"async\" class=\"alignleft wp-image-1292\" src=\"https:\/\/onboarding.paymont.eu\/wp-content\/uploads\/2024\/02\/duveryhodnost-300x251.png\" alt=\"\" width=\"70\" height=\"59\" srcset=\"https:\/\/onboarding.paymont.eu\/wp-content\/uploads\/2024\/02\/duveryhodnost-300x251.png 300w, https:\/\/onboarding.paymont.eu\/wp-content\/uploads\/2024\/02\/duveryhodnost-768x644.png 768w, https:\/\/onboarding.paymont.eu\/wp-content\/uploads\/2024\/02\/duveryhodnost-14x12.png 14w, https:\/\/onboarding.paymont.eu\/wp-content\/uploads\/2024\/02\/duveryhodnost.png 940w\" sizes=\"auto, (max-width: 70px) 100vw, 70px\" \/>D\u016eV\u011aRYHODNOST - <\/strong>jsme <a href=\"https:\/\/onboarding.paymont.eu\/cs\/about-us\/\">spole\u010dnost<\/a> s \u010desko-slovensk\u00fdmi akcion\u00e1\u0159i, kte\u0159\u00ed p\u016fsob\u00ed na \u010desk\u00e9m trhu v\u00edce ne\u017e 20 let<\/p>\n<p>&nbsp;<\/p>\n<p><strong><img loading=\"lazy\" decoding=\"async\" class=\"alignleft wp-image-1293\" src=\"https:\/\/onboarding.paymont.eu\/wp-content\/uploads\/2024\/02\/bezpecnost-300x251.png\" alt=\"\" width=\"70\" height=\"59\" srcset=\"https:\/\/onboarding.paymont.eu\/wp-content\/uploads\/2024\/02\/bezpecnost-300x251.png 300w, https:\/\/onboarding.paymont.eu\/wp-content\/uploads\/2024\/02\/bezpecnost-768x644.png 768w, https:\/\/onboarding.paymont.eu\/wp-content\/uploads\/2024\/02\/bezpecnost-14x12.png 14w, https:\/\/onboarding.paymont.eu\/wp-content\/uploads\/2024\/02\/bezpecnost.png 940w\" sizes=\"auto, (max-width: 70px) 100vw, 70px\" \/>BEZPE\u010cNOST -<\/strong> va\u0161e pen\u00edze jsou v\u017edy pe\u010dliv\u011b chr\u00e1n\u011bny, dr\u017e\u00edme je na zabezpe\u010den\u00fdch \u00fa\u010dtech u renomovan\u00fdch \u00fav\u011brov\u00fdch instituc\u00ed<\/p>\n<p>&nbsp;<\/p>\n<p><strong><img loading=\"lazy\" decoding=\"async\" class=\"alignleft wp-image-1294\" src=\"https:\/\/onboarding.paymont.eu\/wp-content\/uploads\/2024\/02\/jednoduchost-300x251.png\" alt=\"\" width=\"70\" height=\"59\" srcset=\"https:\/\/onboarding.paymont.eu\/wp-content\/uploads\/2024\/02\/jednoduchost-300x251.png 300w, https:\/\/onboarding.paymont.eu\/wp-content\/uploads\/2024\/02\/jednoduchost-768x644.png 768w, https:\/\/onboarding.paymont.eu\/wp-content\/uploads\/2024\/02\/jednoduchost-14x12.png 14w, https:\/\/onboarding.paymont.eu\/wp-content\/uploads\/2024\/02\/jednoduchost.png 940w\" sizes=\"auto, (max-width: 70px) 100vw, 70px\" \/>JEDNODUCHOST -<\/strong> zalo\u017ete si \u00fa\u010det pro v\u00e1\u0161 sv\u011b\u0159ensk\u00fd fond online - za\u0161lete n\u00e1m pot\u0159ebn\u00e9 dokumenty e-mailem a ov\u011b\u0159te identitu prost\u0159ednictv\u00edm online verifika\u010dn\u00ed slu\u017eby Ondato, o zbytek se postar\u00e1me my<\/p>\n<p>&nbsp;<\/p>\n<p><strong><img loading=\"lazy\" decoding=\"async\" class=\"alignleft wp-image-1295\" src=\"https:\/\/onboarding.paymont.eu\/wp-content\/uploads\/2024\/02\/rychlost-300x251.png\" alt=\"\" width=\"70\" height=\"59\" srcset=\"https:\/\/onboarding.paymont.eu\/wp-content\/uploads\/2024\/02\/rychlost-300x251.png 300w, https:\/\/onboarding.paymont.eu\/wp-content\/uploads\/2024\/02\/rychlost-768x644.png 768w, https:\/\/onboarding.paymont.eu\/wp-content\/uploads\/2024\/02\/rychlost-14x12.png 14w, https:\/\/onboarding.paymont.eu\/wp-content\/uploads\/2024\/02\/rychlost.png 940w\" sizes=\"auto, (max-width: 70px) 100vw, 70px\" \/>RYCHLOST A FLEXIBILITA  -<\/strong> pokud se nem\u016f\u017eete do\u010dkat otev\u0159en\u00ed \u00fa\u010dtu ve va\u0161\u00ed bance nebo v\u00e1m v bance \u017e\u00e1dost o otev\u0159en\u00ed \u00fa\u010dtu zam\u00edtli, nev\u00e1hejte se n\u00e1m ozvat, \u00fa\u010det v\u00e1m otev\u0159eme do t\u00fddne od dod\u00e1n\u00ed pot\u0159ebn\u00fdch podklad\u016f<\/p>\n<p>&nbsp;<\/p>\n<p><strong><img loading=\"lazy\" decoding=\"async\" class=\"alignleft wp-image-1296\" src=\"https:\/\/onboarding.paymont.eu\/wp-content\/uploads\/2024\/02\/osobni-pristup-300x251.png\" alt=\"\" width=\"70\" height=\"59\" srcset=\"https:\/\/onboarding.paymont.eu\/wp-content\/uploads\/2024\/02\/osobni-pristup-300x251.png 300w, https:\/\/onboarding.paymont.eu\/wp-content\/uploads\/2024\/02\/osobni-pristup-768x644.png 768w, https:\/\/onboarding.paymont.eu\/wp-content\/uploads\/2024\/02\/osobni-pristup-14x12.png 14w, https:\/\/onboarding.paymont.eu\/wp-content\/uploads\/2024\/02\/osobni-pristup.png 940w\" sizes=\"auto, (max-width: 70px) 100vw, 70px\" \/>OSOBN\u00cd P\u0158\u00cdSTUP -<\/strong> pokud m\u00e1te jak\u00e9koliv ot\u00e1zky, nev\u00e1hejte se obr\u00e1tit na na\u0161e obchodn\u00ed z\u00e1stupce (<a href=\"mailto:info@paymont.eu\">info@paymont.eu<\/a>, +420 734 568 947, Olivova 2096\/4, Praha 1)<\/p>\n<p>&nbsp;<\/p>\n<p><strong><img loading=\"lazy\" decoding=\"async\" class=\"alignleft wp-image-1297\" src=\"https:\/\/onboarding.paymont.eu\/wp-content\/uploads\/2024\/02\/praktik-300x251.png\" alt=\"\" width=\"70\" height=\"59\" srcset=\"https:\/\/onboarding.paymont.eu\/wp-content\/uploads\/2024\/02\/praktik-300x251.png 300w, https:\/\/onboarding.paymont.eu\/wp-content\/uploads\/2024\/02\/praktik-768x644.png 768w, https:\/\/onboarding.paymont.eu\/wp-content\/uploads\/2024\/02\/praktik-14x12.png 14w, https:\/\/onboarding.paymont.eu\/wp-content\/uploads\/2024\/02\/praktik.png 940w\" sizes=\"auto, (max-width: 70px) 100vw, 70px\" \/>PRAKTI\u010cNOST -<\/strong> p\u0159ij\u00edmejte i zas\u00edlejte CZK i EUR (SEPA) platby z jednoho multim\u011bnov\u00e9ho \u00fa\u010dtu a v p\u0159\u00edpad\u011b pot\u0159eby si sm\u011b\u0148te jednu m\u011bnu za druhou za v\u00fdhodn\u00fd kurz<\/p>\n<p>&nbsp;<\/p>\n<p><strong><img loading=\"lazy\" decoding=\"async\" class=\"alignleft wp-image-1298\" src=\"https:\/\/onboarding.paymont.eu\/wp-content\/uploads\/2024\/02\/transpa-300x251.png\" alt=\"\" width=\"70\" height=\"58\" srcset=\"https:\/\/onboarding.paymont.eu\/wp-content\/uploads\/2024\/02\/transpa-300x251.png 300w, https:\/\/onboarding.paymont.eu\/wp-content\/uploads\/2024\/02\/transpa-768x644.png 768w, https:\/\/onboarding.paymont.eu\/wp-content\/uploads\/2024\/02\/transpa-14x12.png 14w, https:\/\/onboarding.paymont.eu\/wp-content\/uploads\/2024\/02\/transpa.png 940w\" sizes=\"auto, (max-width: 70px) 100vw, 70px\" \/>TRANSPARENTNOST -<\/strong> v\u0161e s v\u00e1mi p\u0159ehledn\u011b sd\u00edl\u00edme, n\u00ed\u017ee se m\u016f\u017eete pod\u00edvat, kolik v\u00e1s otev\u0159en\u00ed a veden\u00ed \u00fa\u010dtu bude st\u00e1t a co v\u0161e budeme k otev\u0159en\u00ed \u00fa\u010dtu pot\u0159ebovat<\/p>\n<p>&nbsp;<\/p>\n<h5><strong>Co od v\u00e1s budeme pot\u0159ebovat<\/strong><\/h5>\n<ul>\n<li>Vypln\u011bn\u00fd KYC (Know Your Client) formul\u00e1\u0159<\/li>\n<li>V\u00fdpis z neve\u0159ejn\u00e9 \u010d\u00e1sti evidence sv\u011b\u0159ensk\u00fdch fond\u016f<\/li>\n<li>Statut sv\u011b\u0159ensk\u00e9ho fondu<\/li>\n<li>Organigram zobrazuj\u00edc\u00ed propojen\u00ed sv\u011b\u0159ensk\u00e9ho fondu s dal\u0161\u00edmi osobami (zakladatel, spr\u00e1vce, obmy\u0161len\u00ed, p\u0159\u00edp. protektor nebo dal\u0161\u00ed osoby)<\/li>\n<li>Dokument prokazuj\u00edc\u00ed p\u0159ijet\u00ed pov\u011b\u0159en\u00ed spr\u00e1vcem ke spr\u00e1v\u011b sv\u011b\u0159ensk\u00e9ho fondu<\/li>\n<li>Ov\u011b\u0159en\u00ed identity zakladatele, obmy\u0161len\u00fdch, sv\u011b\u0159ensk\u00e9ho spr\u00e1vce a protektora (pokud je ustanoven) prost\u0159ednictv\u00edm online verifika\u010dn\u00ed slu\u017eby Ondato<\/li>\n<li>Dokumenty prokazuj\u00edc\u00ed p\u016fvod finan\u010dn\u00edch prost\u0159edk\u016f zakladatele nebo jak\u00e9koliv jin\u00e9 osoby, kter\u00e1 vkl\u00e1d\u00e1 prost\u0159edky do sv\u011b\u0159ensk\u00e9ho fondu, pokud p\u0159esahuj\u00ed objem 25 000 K\u010d<\/li>\n<\/ul>\n<h5><strong>Kolik v\u00e1s to bude st\u00e1t<\/strong><\/h5>\n<table>\n<tbody>\n<tr>\n<td style=\"text-align: left;\">Poplatek za zpracov\u00e1n\u00ed \u017e\u00e1dosti<\/td>\n<td style=\"text-align: left;\">2500 K\u010d \/ 100 EUR<\/td>\n<\/tr>\n<tr>\n<td style=\"text-align: left;\">Poplatek za veden\u00ed \u00fa\u010dtu \/ m\u011bs\u00edc<\/td>\n<td style=\"text-align: left;\">1250 K\u010d \/ 50 EUR<\/td>\n<\/tr>\n<tr>\n<td style=\"text-align: left;\">P\u0159evody v r\u00e1mci PAYMONT UAB<\/td>\n<td style=\"text-align: left;\">Zdarma<\/td>\n<\/tr>\n<tr>\n<td style=\"text-align: left;\">P\u0159\u00edchoz\u00ed platba v CZK<\/td>\n<td style=\"text-align: left;\">Zdarma<\/td>\n<\/tr>\n<tr>\n<td style=\"text-align: left;\">P\u0159\u00edchoz\u00ed p\u0159evod SEPA (EUR)<\/td>\n<td style=\"text-align: left;\">Zdarma<\/td>\n<\/tr>\n<tr>\n<td style=\"text-align: left;\">Odchoz\u00ed platba v CZK (v r\u00e1mci \u010cR)<\/td>\n<td style=\"text-align: left;\">2 K\u010d \/ 0,1 EUR<\/td>\n<\/tr>\n<tr>\n<td style=\"text-align: left;\">Odchoz\u00ed p\u0159evod SEPA (EUR)<\/td>\n<td style=\"text-align: left;\">2 K\u010d \/ 0,1 EUR<\/td>\n<\/tr>\n<tr>\n<td style=\"text-align: left;\">P\u0159\u00edchoz\u00ed mezin\u00e1rodn\u00ed platba mimo SEPA (SHA)<\/td>\n<td style=\"text-align: left;\">Zdarma<\/td>\n<\/tr>\n<tr>\n<td style=\"text-align: left;\">Odchoz\u00ed platba nespl\u0148uj\u00edc\u00ed podm\u00ednky po SEPA platbu (SHA)<\/td>\n<td style=\"text-align: left;\">190 K\u010d \/ 8 EUR<\/td>\n<\/tr>\n<\/tbody>\n<\/table>\n<p>&nbsp;<\/p>\n<p><em>V p\u0159\u00edpad\u011b slo\u017eit\u011bj\u0161\u00edch struktur a zv\u00fd\u0161en\u00e9 n\u00e1ro\u010dnosti z pohledu KYC\/AML m\u016f\u017ee b\u00fdt sjedn\u00e1n sazebn\u00edk individu\u00e1ln\u011b<\/em><\/p>\n\n\t\t<\/div>\n\t<\/div>\n\n\t<div  class=\"wpb_single_image wpb_content_element vc_align_left   service-logo\">\n\t\t\n\t\t<figure class=\"wpb_wrapper vc_figure\">\n\t\t\t<div class=\"vc_single_image-wrapper   vc_box_border_grey\"><img loading=\"lazy\" decoding=\"async\" width=\"300\" height=\"251\" src=\"https:\/\/onboarding.paymont.eu\/wp-content\/uploads\/2024\/02\/Trust-funds-300x251.png\" class=\"vc_single_image-img attachment-medium\" alt=\"\" srcset=\"https:\/\/onboarding.paymont.eu\/wp-content\/uploads\/2024\/02\/Trust-funds-300x251.png 300w, https:\/\/onboarding.paymont.eu\/wp-content\/uploads\/2024\/02\/Trust-funds-768x644.png 768w, https:\/\/onboarding.paymont.eu\/wp-content\/uploads\/2024\/02\/Trust-funds-14x12.png 14w, https:\/\/onboarding.paymont.eu\/wp-content\/uploads\/2024\/02\/Trust-funds.png 940w\" sizes=\"auto, (max-width: 300px) 100vw, 300px\" \/><\/div>\n\t\t<\/figure>\n\t<\/div>\n        <\/div>\n        <div class=\"mkdf-tab-image\">\n                    <\/div>\n    <\/div>\n    <\/div>  \n<\/div><div class=\"mkdf-tab-container\" id=\"tab-payment-account-312\">\n    <div class=\"inner\">\n                <h2 class=\"mkdf-tab-title\">\n            Platebn\u00ed \u00fa\u010det        <\/h2>\n            <div class=\"mkdf-tab-content-holder\">\n        <div class=\"mkdf-tab-content\">\n            \n\t<div class=\"wpb_text_column wpb_content_element\" >\n\t\t<div class=\"wpb_wrapper\">\n\t\t\t<h5>V\u00edcero m\u011bn<\/h5>\n<ul>\n<li>Otev\u0159ete si \u00fa\u010det v r\u016fzn\u00fdch m\u011bn\u00e1ch v\u010detn\u011b EUR, GBP a CZK<\/li>\n<li>Spravujte v\u00edce m\u011bn z jednoho \u00fa\u010dtu<\/li>\n<\/ul>\n<h5>Rychl\u00e1 registrace<\/h5>\n<ul>\n<li>Vzd\u00e1len\u00e9 otev\u0159en\u00ed \u00fa\u010dtu<\/li>\n<li>Jednoduch\u00fd registra\u010dn\u00ed formul\u00e1\u0159 (pouze bere 10 minut na vypln\u011bn\u00ed)<\/li>\n<li>Personalizovan\u00fd p\u0159\u00edstup (individu\u00e1ln\u00ed posouzen\u00ed ka\u017ed\u00e9 \u017e\u00e1dosti)<\/li>\n<li>Mo\u017enost z\u00edskat pomoc od na\u0161eho t\u00fdmu p\u0159i jak\u00e9mkoliv st\u00e1diu \u017e\u00e1dosti<\/li>\n<\/ul>\n<h5>Platby<\/h5>\n<ul>\n<li>M\u00edstn\u00ed platby p\u0159es SEPA a TARGET<\/li>\n<li>Pos\u00edlejte transakce v EUR do v\u00edce ne\u017e 150 mezin\u00e1rodn\u00edch m\u011bn p\u0159es SWIFT<\/li>\n<li>Fixn\u00ed sazba za SEPA transakce<\/li>\n<li>Bezplatn\u00e9 transakce mezi \u00fa\u010dty Paymont<\/li>\n<\/ul>\n<h5>Internetov\u00e9 bankovnictvi<\/h5>\n<ul>\n<li>Spravujte sv\u016fj \u00fa\u010det pomoc\u00ed intuitivn\u00edho internetov\u00e9ho bankovnictv\u00ed<\/li>\n<li>24\/7 p\u0159\u00edstup k va\u0161emu Paymont \u00fa\u010dtu prost\u0159ednictv\u00edm na\u0161eho internetov\u00e9ho bankovnictv\u00ed<\/li>\n<li>V\u00edcen\u00e1sobn\u00fd p\u0159\u00edstup k va\u0161emu firemn\u00edmu \u00fa\u010dtu\n<ul>\n<li>Ud\u011blte sv\u00e9mu obchodn\u00edmu partnerovi p\u0159\u00edstup k va\u0161emu obchodn\u00edmu \u00fa\u010dtu<\/li>\n<li>Nastavte pravidla pro ka\u017ed\u00e9ho u\u017eivatele a kontrolujte aktivitu \u00fa\u010dtu<\/li>\n<\/ul>\n<\/li>\n<\/ul>\n<h5>Unik\u00e1tn\u00ed IBAN<\/h5>\n<ul>\n<li>Oslovte z\u00e1kazn\u00edky v cel\u00e9 EU pomoc\u00ed IBANu na va\u0161e vlastn\u00ed jm\u00e9no<\/li>\n<\/ul>\n<h5>Bezpe\u010dnost<\/h5>\n<ul>\n<li>Dvouf\u00e1zov\u00e9 ov\u011b\u0159en\u00ed pro ochranu va\u0161ich prost\u0159edk\u016f<\/li>\n<li>100% zaji\u0161t\u011bn\u00e9 prost\u0159edky \u2013 Va\u0161e pen\u00edze jsou v\u017edy chr\u00e1n\u011bny, proto\u017ee je dr\u017e\u00edme na zabezpe\u010den\u00fdch \u00fa\u010dtech u renomovan\u00fdch \u00fav\u011brov\u00fdch instituc\u00ed<\/li>\n<\/ul>\n\n\t\t<\/div>\n\t<\/div>\n\n\t<div  class=\"wpb_single_image wpb_content_element vc_align_left   service-logo\">\n\t\t\n\t\t<figure class=\"wpb_wrapper vc_figure\">\n\t\t\t<div class=\"vc_single_image-wrapper   vc_box_border_grey\"><img loading=\"lazy\" decoding=\"async\" width=\"1\" height=\"1\" src=\"https:\/\/onboarding.paymont.eu\/wp-content\/uploads\/2021\/08\/icon_multicurrency.svg\" class=\"vc_single_image-img attachment-medium\" alt=\"\" \/><\/div>\n\t\t<\/figure>\n\t<\/div>\n<div class=\"vc_empty_space\"   style=\"height: 32px\"><span class=\"vc_empty_space_inner\"><\/span><\/div>        <\/div>\n        <div class=\"mkdf-tab-image\">\n                    <\/div>\n    <\/div>\n    <\/div>  \n<\/div><div class=\"mkdf-tab-container\" id=\"tab-foreign-exchange-930\">\n    <div class=\"inner\">\n                <h2 class=\"mkdf-tab-title\">\n            Sm\u011bna m\u011bn (FX)        <\/h2>\n            <div class=\"mkdf-tab-content-holder\">\n        <div class=\"mkdf-tab-content\">\n            \n\t<div class=\"wpb_text_column wpb_content_element\" >\n\t\t<div class=\"wpb_wrapper\">\n\t\t\t<ul>\n<li>Sm\u011bna v re\u00e1ln\u00e9m \u010dase<\/li>\n<li>Za v\u00fdhodn\u00e9 ceny<\/li>\n<li>U\u017eivatelsky p\u0159\u00edv\u011btiv\u00e9 rozhran\u00ed<\/li>\n<\/ul>\n\n\t\t<\/div>\n\t<\/div>\n\n\t<div  class=\"wpb_single_image wpb_content_element vc_align_left   service-logo\">\n\t\t\n\t\t<figure class=\"wpb_wrapper vc_figure\">\n\t\t\t<div class=\"vc_single_image-wrapper   vc_box_border_grey\"><img loading=\"lazy\" decoding=\"async\" width=\"1\" height=\"1\" src=\"https:\/\/onboarding.paymont.eu\/wp-content\/uploads\/2021\/08\/icon_foreign.svg\" class=\"vc_single_image-img attachment-medium\" alt=\"\" \/><\/div>\n\t\t<\/figure>\n\t<\/div>\n        <\/div>\n        <div class=\"mkdf-tab-image\">\n                    <\/div>\n    <\/div>\n    <\/div>  \n<\/div><div class=\"mkdf-tab-container\" id=\"tab-open-banking-805\">\n    <div class=\"inner\">\n                <h2 class=\"mkdf-tab-title\">\n            Otev\u0159en\u00e9 bankovnictv\u00ed        <\/h2>\n            <div class=\"mkdf-tab-content-holder\">\n        <div class=\"mkdf-tab-content\">\n            \n\t<div class=\"wpb_text_column wpb_content_element\" >\n\t\t<div class=\"wpb_wrapper\">\n\t\t\t<ul>\n<li><a href=\"https:\/\/onboarding.paymont.eu\/wp-content\/uploads\/2022\/04\/Paymont_API-PSD2-by-OBS-Documentation-for-TPP_EN.pdf\">Otev\u0159en\u00e9 API pro poskytovatele t\u0159et\u00edch stran<\/a><\/li>\n<li>Snadn\u00e9 a rychl\u00e9 p\u0159ipojen\u00ed<\/li>\n<li>Vyhovuje standard\u016fm PSD2<\/li>\n<\/ul>\n\n\t\t<\/div>\n\t<\/div>\n\n\t<div  class=\"wpb_single_image wpb_content_element vc_align_left   service-logo\">\n\t\t\n\t\t<figure class=\"wpb_wrapper vc_figure\">\n\t\t\t<div class=\"vc_single_image-wrapper   vc_box_border_grey\"><img loading=\"lazy\" decoding=\"async\" width=\"1\" height=\"1\" src=\"https:\/\/onboarding.paymont.eu\/wp-content\/uploads\/2021\/08\/icon_open.svg\" class=\"vc_single_image-img attachment-medium\" alt=\"\" \/><\/div>\n\t\t<\/figure>\n\t<\/div>\n        <\/div>\n        <div class=\"mkdf-tab-image\">\n                    <\/div>\n    <\/div>\n    <\/div>  \n<\/div><\/div><\/div><\/div><\/div><\/div><\/section><section data-vc-full-width=\"true\" data-vc-full-width-init=\"false\" class=\"vc_section vc_custom_1631089655330 vc_section-has-fill\"><div class=\"vc_row wpb_row vc_row-fluid pm-container\" ><div class=\"wpb_column vc_column_container vc_col-sm-12\"><div class=\"vc_column-inner\"><div class=\"wpb_wrapper\"><h2 style=\"color: #0a0a0a;text-align: center\" class=\"vc_custom_heading\" >M\u00e1te na n\u00e1s dotaz?<\/h2><div class=\"vc_empty_space\"   style=\"height: 32px\"><span class=\"vc_empty_space_inner\"><\/span><\/div><div class=\"vc_row wpb_row vc_inner vc_row-fluid\" ><div class=\"wpb_column vc_column_container vc_col-sm-3\"><div class=\"vc_column-inner\"><div class=\"wpb_wrapper\"><\/div><\/div><\/div><div class=\"wpb_column vc_column_container vc_col-sm-6\"><div class=\"vc_column-inner\"><div class=\"wpb_wrapper\">\n<div class=\"wpcf7 no-js\" id=\"wpcf7-f74-o1\" lang=\"en-US\" dir=\"ltr\" data-wpcf7-id=\"74\">\n<div class=\"screen-reader-response\"><p role=\"status\" aria-live=\"polite\" aria-atomic=\"true\"><\/p> <ul><\/ul><\/div>\n<form action=\"\/cs\/wp-json\/wp\/v2\/pages\/305#wpcf7-f74-o1\" method=\"post\" class=\"wpcf7-form init\" aria-label=\"Contact form\" novalidate=\"novalidate\" data-status=\"init\" data-trp-original-action=\"\/cs\/wp-json\/wp\/v2\/pages\/305#wpcf7-f74-o1\">\n<fieldset class=\"hidden-fields-container\"><input type=\"hidden\" name=\"_wpcf7\" value=\"74\" \/><input type=\"hidden\" name=\"_wpcf7_version\" value=\"6.1.5\" \/><input type=\"hidden\" name=\"_wpcf7_locale\" value=\"en_US\" \/><input type=\"hidden\" name=\"_wpcf7_unit_tag\" value=\"wpcf7-f74-o1\" \/><input type=\"hidden\" name=\"_wpcf7_container_post\" value=\"0\" \/><input type=\"hidden\" name=\"_wpcf7_posted_data_hash\" value=\"\" \/><input type=\"hidden\" name=\"_wpcf7_recaptcha_response\" value=\"\" \/>\n<\/fieldset>\n<p><label>Jm\u00e9no a p\u0159\u00edjmen\u00ed<\/label><br \/>\n<span class=\"wpcf7-form-control-wrap\" data-name=\"full_name\"><input size=\"40\" maxlength=\"400\" class=\"wpcf7-form-control wpcf7-text wpcf7-validates-as-required\" aria-required=\"true\" aria-invalid=\"false\" value=\"\" type=\"text\" name=\"full_name\" \/><\/span>\n<\/p>\n<p><label>E-mail<\/label><br \/>\n<span class=\"wpcf7-form-control-wrap\" data-name=\"email\"><input size=\"40\" maxlength=\"400\" class=\"wpcf7-form-control wpcf7-email wpcf7-validates-as-required wpcf7-text wpcf7-validates-as-email\" aria-required=\"true\" aria-invalid=\"false\" value=\"\" type=\"email\" name=\"email\" \/><\/span>\n<\/p>\n<p><label>Va\u0161e zpr\u00e1va <\/label><br \/>\n<span class=\"wpcf7-form-control-wrap\" data-name=\"message\"><textarea cols=\"40\" rows=\"10\" maxlength=\"2000\" class=\"wpcf7-form-control wpcf7-textarea wpcf7-validates-as-required\" aria-required=\"true\" aria-invalid=\"false\" name=\"message\"><\/textarea><\/span>\n<\/p>\n<p><input class=\"wpcf7-form-control wpcf7-submit has-spinner\" type=\"submit\" value=\"Odeslat zpr\u00e1vu\" \/>\n<\/p><input type='hidden' class='wpcf7-pum' value='{\"closepopup\":false,\"closedelay\":0,\"openpopup\":false,\"openpopup_id\":0}' \/><div class=\"wpcf7-response-output\" aria-hidden=\"true\"><\/div>\n<input type=\"hidden\" name=\"trp-form-language\" value=\"cs\"\/><\/form>\n<\/div>\n<\/div><\/div><\/div><div class=\"wpb_column vc_column_container vc_col-sm-3\"><div class=\"vc_column-inner\"><div class=\"wpb_wrapper\"><\/div><\/div><\/div><\/div><\/div><\/div><\/div><\/div><\/section><div class=\"vc_row-full-width vc_clearfix\"><\/div>","protected":false},"excerpt":{"rendered":"Payment account for trust fund Payment account Foreign exchange Open banking Payment account for trust fund Whether you're establishing a trust for your loved ones' needs or are a professional trustee, feel free to contact us to open an account. [...]","protected":false},"author":2,"featured_media":0,"parent":0,"menu_order":0,"comment_status":"closed","ping_status":"closed","template":"","meta":{"_acf_changed":false,"footnotes":""},"class_list":["post-305","page","type-page","status-publish","hentry"],"acf":[],"_links":{"self":[{"href":"https:\/\/onboarding.paymont.eu\/cs\/wp-json\/wp\/v2\/pages\/305","targetHints":{"allow":["GET"]}}],"collection":[{"href":"https:\/\/onboarding.paymont.eu\/cs\/wp-json\/wp\/v2\/pages"}],"about":[{"href":"https:\/\/onboarding.paymont.eu\/cs\/wp-json\/wp\/v2\/types\/page"}],"author":[{"embeddable":true,"href":"https:\/\/onboarding.paymont.eu\/cs\/wp-json\/wp\/v2\/users\/2"}],"replies":[{"embeddable":true,"href":"https:\/\/onboarding.paymont.eu\/cs\/wp-json\/wp\/v2\/comments?post=305"}],"version-history":[{"count":67,"href":"https:\/\/onboarding.paymont.eu\/cs\/wp-json\/wp\/v2\/pages\/305\/revisions"}],"predecessor-version":[{"id":1408,"href":"https:\/\/onboarding.paymont.eu\/cs\/wp-json\/wp\/v2\/pages\/305\/revisions\/1408"}],"wp:attachment":[{"href":"https:\/\/onboarding.paymont.eu\/cs\/wp-json\/wp\/v2\/media?parent=305"}],"curies":[{"name":"wp","href":"https:\/\/api.w.org\/{rel}","templated":true}]}}