{"id":322,"date":"2021-08-22T12:16:10","date_gmt":"2021-08-22T12:16:10","guid":{"rendered":"https:\/\/onboarding.paymont.eu\/?page_id=322"},"modified":"2026-02-10T10:42:48","modified_gmt":"2026-02-10T10:42:48","slug":"home","status":"publish","type":"page","link":"https:\/\/onboarding.paymont.eu\/cs\/","title":{"rendered":"\u00davod"},"content":{"rendered":"<section data-vc-full-width=\"true\" data-vc-full-width-init=\"false\" class=\"vc_section pm-welcome vc_custom_1629636672013 vc_section-has-fill\"><div class=\"vc_row wpb_row vc_row-fluid pm-container\" ><div class=\"wpb_column vc_column_container vc_col-sm-7\"><div class=\"vc_column-inner\"><div class=\"wpb_wrapper\"><h1 style=\"color: #0a0a0a;text-align: left\" class=\"vc_custom_heading\" >Profesion\u00e1ln\u00ed<br \/>\n<strong>platebn\u00ed slu\u017eby<\/strong><\/h1><div class=\"vc_empty_space  vc_custom_1629635554596\"   style=\"height: 5px\"><span class=\"vc_empty_space_inner\"><\/span><\/div>\n\t<div class=\"wpb_text_column wpb_content_element  text-black\" >\n\t\t<div class=\"wpb_wrapper\">\n\t\t\t<p class=\"p1\">Pro jednotlivce i firmy z cel\u00e9ho sv\u011bta<span class=\"Apple-converted-space\">\u00a0<\/span><\/p>\n\n\t\t<\/div>\n\t<\/div>\n<div class=\"vc_empty_space\"   style=\"height: 40px\"><span class=\"vc_empty_space_inner\"><\/span><\/div><div class=\"vc_btn3-container  btn-shadow vc_btn3-left\" ><a class=\"vc_general vc_btn3 vc_btn3-size-lg vc_btn3-shape-round vc_btn3-style-flat vc_btn3-color-black\" href=\"https:\/\/onboarding.paymont.eu\/cs\/apply-now\/\" title=\"Open Account\" target=\"_blank\">Open Account<\/a><\/div><div class=\"vc_empty_space\"   style=\"height: 10px\"><span class=\"vc_empty_space_inner\"><\/span><\/div>\n\t<div class=\"wpb_text_column wpb_content_element  pm-text grey-link\" >\n\t\t<div class=\"wpb_wrapper\">\n\t\t\t<p><a href=\"#services\">Zjistit v\u00edce<\/a><\/p>\n\n\t\t<\/div>\n\t<\/div>\n<\/div><\/div><\/div><\/div><\/section><div class=\"vc_row-full-width vc_clearfix\"><\/div><section id=\"services\" class=\"vc_section\"><div class=\"vc_row wpb_row vc_row-fluid pm-container\" ><div class=\"wpb_column vc_column_container vc_col-sm-12\"><div class=\"vc_column-inner\"><div class=\"wpb_wrapper\"><h2 style=\"color: #0a0a0a;text-align: center\" class=\"vc_custom_heading translation-block\" >Na\u0161e <strong>slu\u017eby<\/strong><\/h2><div class=\"vc_row wpb_row vc_inner vc_row-fluid\" ><div class=\"wpb_column vc_column_container vc_col-sm-3\"><div class=\"vc_column-inner\"><div class=\"wpb_wrapper\"><\/div><\/div><\/div><div class=\"wpb_column vc_column_container vc_col-sm-6\"><div class=\"vc_column-inner\"><div class=\"wpb_wrapper\"><\/div><\/div><\/div><div class=\"wpb_column vc_column_container vc_col-sm-3\"><div class=\"vc_column-inner\"><div class=\"wpb_wrapper\"><\/div><\/div><\/div><\/div><\/div><\/div><\/div><\/div><div class=\"vc_row wpb_row vc_row-fluid pm-container vc_row-o-content-middle vc_row-flex\" ><div class=\"wpb_column vc_column_container vc_col-sm-12\"><div class=\"vc_column-inner\"><div class=\"wpb_wrapper\"><div class=\"vc_empty_space\"   style=\"height: 60px\"><span class=\"vc_empty_space_inner\"><\/span><\/div><div class=\"row pm-services\"><div class=\"col-sm-6 col-md-4 mb-4 mb-lg-5\"><a href=\"\/cs\/products\/?tab=tab-trust-fund\" class=\"pm-service\"><div class=\"pm-service_icon_holder\" style=\"background-image:url(https:\/\/onboarding.paymont.eu\/wp-content\/uploads\/2024\/02\/Trust-funds.png\"><\/div><div class=\"pm-service_title\">Platebn\u00ed \u00fa\u010dty pro sv\u011b\u0159ensk\u00e9 fondy<\/div><div class=\"pm-service_text\">Otev\u0159ete si online \u00fa\u010det pro v\u00e1\u0161 sv\u011b\u0159ensk\u00fd fond<\/div><\/a><\/div><div class=\"col-sm-6 col-md-4 mb-4 mb-lg-5\"><a href=\"\/cs\/products\/?tab=tab-payment-account\" class=\"pm-service\"><div class=\"pm-service_icon_holder\" style=\"background-image:url(https:\/\/onboarding.paymont.eu\/wp-content\/uploads\/2021\/08\/icon_multicurrency.svg\"><\/div><div class=\"pm-service_title\">V\u00edcem\u011bnov\u00fd platebn\u00ed \u00fa\u010det <\/div><div class=\"pm-service_text\">Na\u0161e obchodn\u00ed \u00fa\u010dty umo\u017e\u0148uj\u00ed rychlej\u0161\u00ed, levn\u011bj\u0161\u00ed a bezpe\u010dn\u011bj\u0161\u00ed mezin\u00e1rodn\u00ed platby<\/div><\/a><\/div><div class=\"col-sm-6 col-md-4 mb-4 mb-lg-5\"><a href=\"\/cs\/products\/?tab=tab-trust-fund\" class=\"pm-service\"><div class=\"pm-service_icon_holder\" style=\"background-image:url(https:\/\/onboarding.paymont.eu\/wp-content\/uploads\/2022\/10\/card-id.svg\"><\/div><div class=\"pm-service_title\">Modern\u00ed vzd\u00e1len\u00e9 zalo\u017een\u00ed \u00fa\u010dtu<\/div><div class=\"pm-service_text\">Modern\u00ed a efektivn\u00ed online proces registrace klient\u016f<\/div><\/a><\/div><div class=\"col-sm-6 col-md-4 mb-4 mb-lg-5\"><a href=\"\/cs\/products\/?tab=tab-foreign\" class=\"pm-service\"><div class=\"pm-service_icon_holder\" style=\"background-image:url(https:\/\/onboarding.paymont.eu\/wp-content\/uploads\/2021\/08\/icon_foreign.svg\"><\/div><div class=\"pm-service_title\">Sm\u011bna<\/div><div class=\"pm-service_text\">Okam\u017eit\u00e1 sm\u011bna m\u011bny bez skryt\u00fdch poplatk\u016f<\/div><\/a><\/div><div class=\"col-sm-6 col-md-4 mb-4 mb-lg-5\"><a href=\"\/cs\/products\/?tab=tab-payment-account\" class=\"pm-service\"><div class=\"pm-service_icon_holder\" style=\"background-image:url(https:\/\/onboarding.paymont.eu\/wp-content\/uploads\/2021\/08\/icon_sepa.svg\"><\/div><div class=\"pm-service_title\">SEPA a SWIFT platby<\/div><div class=\"pm-service_text\">Rychl\u00e9 a dostupn\u00e9 platby v EUR a dal\u0161\u00edch m\u011bn\u00e1ch v\u010detn\u011b GBP a CZK<\/div><\/a><\/div><div class=\"col-sm-6 col-md-4 mb-4 mb-lg-5\"><a href=\"\/cs\/products\/?tab=tab-open\" class=\"pm-service\"><div class=\"pm-service_icon_holder\" style=\"background-image:url(https:\/\/onboarding.paymont.eu\/wp-content\/uploads\/2021\/08\/icon_open.svg\"><\/div><div class=\"pm-service_title\">Otev\u0159en\u00e9 bankovnictv\u00ed<\/div><div class=\"pm-service_text\">Otev\u0159en\u00e9 API, kter\u00e9 umo\u017e\u0148uje poskytovatel\u016fm t\u0159et\u00edch stran vytv\u00e1\u0159et slu\u017eby s p\u0159idanou hodnotou<\/div><\/a><\/div><div class=\"col-sm-6 col-md-4 mb-4 mb-lg-5\"><a href=\"\/cs\/products\/?tab=tab-payment-account\" class=\"pm-service\"><div class=\"pm-service_icon_holder\" style=\"background-image:url(https:\/\/onboarding.paymont.eu\/wp-content\/uploads\/2021\/08\/icon_ibans.svg\"><\/div><div class=\"pm-service_title\">EU IBAN<\/div><div class=\"pm-service_text\">Spojte se se sv\u00fdmi z\u00e1kazn\u00edky po cel\u00e9m sv\u011bte pomoc\u00ed EU IBAN<\/div><\/a><\/div><\/div><\/div><\/div><\/div><\/div><\/section><section id=\"about\" data-vc-full-width=\"true\" data-vc-full-width-init=\"false\" class=\"vc_section vc_custom_1629647544357 vc_section-has-fill\"><div class=\"vc_row wpb_row vc_row-fluid pm-container\" ><div class=\"wpb_column vc_column_container vc_col-sm-12\"><div class=\"vc_column-inner\"><div class=\"wpb_wrapper\"><h2 style=\"color: #0a0a0a;text-align: center\" class=\"vc_custom_heading translation-block\" >O <strong>Paymontu<\/strong><\/h2><div class=\"vc_row wpb_row vc_inner vc_row-fluid\" ><div class=\"wpb_column vc_column_container vc_col-sm-2\"><div class=\"vc_column-inner\"><div class=\"wpb_wrapper\"><\/div><\/div><\/div><div class=\"wpb_column vc_column_container vc_col-sm-8\"><div class=\"vc_column-inner\"><div class=\"wpb_wrapper\">\n\t<div class=\"wpb_text_column wpb_content_element  pm-text pm-text_justify\" >\n\t\t<div class=\"wpb_wrapper\">\n\t\t\t<p>Spole\u010dnost PAYMONT, zalo\u017eena v roce 2020, je instituce elektronick\u00fdch pen\u011bz regulovan\u00e1 Litevskou n\u00e1rodn\u00ed bankou s licenc\u00ed \u010d. 80, kter\u00e1 n\u00e1m umo\u017e\u0148uje nab\u00edzet komplexn\u00ed platebn\u00ed slu\u017eby po cel\u00e9 EU.<\/p>\n<p>Nab\u00edz\u00edme multim\u011bnov\u00fd platebn\u00ed \u00fa\u010det s intuitivn\u00edm internetov\u00fdm bankovnictv\u00edm, sm\u011bnou, unik\u00e1tn\u00edmi IBANy, SEPA a SWIFT platbami a funkcionalitou otev\u0159en\u00e9ho bankovnictv\u00ed dle standard\u016f PSD2.<\/p>\n\n\t\t<\/div>\n\t<\/div>\n<div class=\"vc_empty_space\"   style=\"height: 32px\"><span class=\"vc_empty_space_inner\"><\/span><\/div>\n\t<div class=\"wpb_text_column wpb_content_element  pm-text\" >\n\t\t<div class=\"wpb_wrapper\">\n\t\t\t<p class=\"p1\" style=\"text-align: center;\"><a href=\"https:\/\/onboarding.paymont.eu\/cs\/about-us\/\">V\u00edce o n\u00e1s<\/a><\/p>\n\n\t\t<\/div>\n\t<\/div>\n<\/div><\/div><\/div><div class=\"wpb_column vc_column_container vc_col-sm-2\"><div class=\"vc_column-inner\"><div class=\"wpb_wrapper\"><\/div><\/div><\/div><\/div><\/div><\/div><\/div><\/div><\/section><div class=\"vc_row-full-width vc_clearfix\"><\/div><section id=\"cta\" data-vc-full-width=\"true\" data-vc-full-width-init=\"false\" class=\"vc_section pm-black_cta vc_custom_1629647560867 vc_section-has-fill\"><div class=\"vc_row wpb_row vc_row-fluid pm-container vc_row-o-content-middle vc_row-flex\" ><div class=\"wpb_column vc_column_container vc_col-sm-6\"><div class=\"vc_column-inner\"><div class=\"wpb_wrapper\"><h2 style=\"color: #ffffff;text-align: left\" class=\"vc_custom_heading vc_custom_1629647875258\" ><strong>M\u00e1te z\u00e1jem?<\/strong><\/h2>\n\t<div class=\"wpb_text_column wpb_content_element  text-white\" >\n\t\t<div class=\"wpb_wrapper\">\n\t\t\t<p class=\"p1\">Zaregistrujte se ji\u017e dnes a zjist\u011bte co v\u0161e na\u0161e platforma um\u00ed.<\/p>\n\n\t\t<\/div>\n\t<\/div>\n<\/div><\/div><\/div><div class=\"wpb_column vc_column_container vc_col-sm-6\"><div class=\"vc_column-inner\"><div class=\"wpb_wrapper\"><div class=\"vc_empty_space  d-md-none\"   style=\"height: 20px\"><span class=\"vc_empty_space_inner\"><\/span><\/div><div class=\"vc_btn3-container  btn-shadow mobile-align-left vc_btn3-right vc_custom_1637753637188\" ><a class=\"vc_general vc_btn3 vc_btn3-size-lg vc_btn3-shape-round vc_btn3-style-flat vc_btn3-color-white\" href=\"\/cs\/apply-now\/\" title=\"\">Registrovat se<\/a><\/div><\/div><\/div><\/div><\/div><\/section><div class=\"vc_row-full-width vc_clearfix\"><\/div><section id=\"contact\" class=\"vc_section\"><div class=\"vc_row wpb_row vc_row-fluid pm-container\" ><div class=\"wpb_column vc_column_container vc_col-sm-8\"><div class=\"vc_column-inner\"><div class=\"wpb_wrapper\"><h2 style=\"color: #0a0a0a;text-align: left\" class=\"vc_custom_heading\" >Nev\u00e1hejte<br \/>\n<strong>a kontaktujte n\u00e1s<\/strong><\/h2>\n\t<div class=\"wpb_text_column wpb_content_element\" >\n\t\t<div class=\"wpb_wrapper\">\n\t\t\t<p class=\"p1\">M\u016f\u017eeme si napl\u00e1novat online sch\u016fzku a probrat jak V\u00e1m m\u016f\u017eeme pomoct.<\/p>\n<p class=\"p1\">M\u016f\u017eete n\u00e1m napsat p\u0159es <span class=\"s1\"><a href=\"https:\/\/onboarding.paymont.eu\/cs\/contact\/#contact_form\">n\u00e1\u0161 kontaktn\u00ed formul\u00e1\u0159<\/a>.<\/span><\/p>\n\n\t\t<\/div>\n\t<\/div>\n<div class=\"vc_empty_space  d-md-none\"   style=\"height: 30px\"><span class=\"vc_empty_space_inner\"><\/span><\/div><\/div><\/div><\/div><div class=\"wpb_column vc_column_container vc_col-sm-4\"><div class=\"vc_column-inner\"><div class=\"wpb_wrapper\"><div class=\"vc_empty_space\"   style=\"height: 10px\"><span class=\"vc_empty_space_inner\"><\/span><\/div>\n\t<div class=\"wpb_text_column wpb_content_element\" >\n\t\t<div class=\"wpb_wrapper\">\n\t\t\t<p class=\"p1\">M\u016f\u017eete se n\u00e1m ozvat Po-P\u00e1 mezi 9 a 16 hod. (SE\u010c).<\/p>\n\n\t\t<\/div>\n\t<\/div>\n<div class=\"vc_empty_space\"   style=\"height: 30px\"><span class=\"vc_empty_space_inner\"><\/span><\/div><div class=\"mkdf-iwt clearfix  mkdf-iwt-icon-left mkdf-iwt-icon-medium\">\n\t<div class=\"mkdf-iwt-icon\">\n\t\t\t\t\t<a itemprop=\"url\" href=\"mailto:info@paymont.eu\" target=\"_self\">\n\t\t\t\t\t\t\t\t\t    <span class=\"mkdf-icon-shortcode mkdf-normal   mkdf-icon-medium\"  data-color=\"#0a0a0a\">\n                    <i class=\"mkdf-icon-font-awesome fa fa-envelope mkdf-icon-element\" style=\"color: #0a0a0a;font-size:20px\" ><\/i>            <\/span>\n\t\t\t\t\t\t\t\t<\/a>\n\t\t\t<\/div>\n\t<div class=\"mkdf-iwt-content\" >\n\t\t\t\t\t\t\t<p class=\"mkdf-iwt-text\" style=\"color: #0a0a0a\">info@paymont.eu<\/p>\n\t\t\t<\/div>\n<\/div>\n\t<div class=\"wpb_text_column wpb_content_element\" >\n\t\t<div class=\"wpb_wrapper\">\n\t\t\t<p class=\"p1\">Odep\u00ed\u0161eme do druh\u00e9ho pracovn\u00edho dne<\/p>\n\n\t\t<\/div>\n\t<\/div>\n<\/div><\/div><\/div><\/div><\/section><section id=\"partner\" data-vc-full-width=\"true\" data-vc-full-width-init=\"false\" class=\"vc_section vc_custom_1629647537867 vc_section-has-fill\"><div class=\"vc_row wpb_row vc_row-fluid pm-container\" ><div class=\"wpb_column vc_column_container vc_col-sm-12\"><div class=\"vc_column-inner\"><div class=\"wpb_wrapper\"><div class=\"vc_row wpb_row vc_inner vc_row-fluid vc_row-o-content-middle vc_row-flex\" ><div class=\"wpb_column vc_column_container vc_col-sm-6\"><div class=\"vc_column-inner\"><div class=\"wpb_wrapper\"><h2 style=\"color: #0a0a0a;text-align: left\" class=\"vc_custom_heading\" ><strong>N\u00e1\u0161 siln\u00fd partner<\/strong><\/h2><div class=\"vc_empty_space\"   style=\"height: 10px\"><span class=\"vc_empty_space_inner\"><\/span><\/div>\n\t<div class=\"wpb_text_column wpb_content_element\" >\n\t\t<div class=\"wpb_wrapper\">\n\t\t\t<p>Ronda Invest je P2B platforma se s\u00eddlem v \u010cesk\u00e9 republice, kter\u00e1 se na jedn\u00e9 stran\u011b zam\u011b\u0159uje na poskytov\u00e1n\u00ed zaji\u0161t\u011bn\u00fdch \u00fav\u011br\u016f mal\u00fdm a st\u0159edn\u00edm podnikatel\u016fm a na stran\u011b druh\u00e9 sv\u00fdm klient\u016fm nab\u00edz\u00ed mo\u017enost investovat do t\u011bchto \u00fav\u011br\u016f<\/p>\n\n\t\t<\/div>\n\t<\/div>\n<\/div><\/div><\/div><div class=\"wpb_column vc_column_container vc_col-sm-6\"><div class=\"vc_column-inner\"><div class=\"wpb_wrapper\"><div class=\"vc_empty_space  d-md-none\"   style=\"height: 20px\"><span class=\"vc_empty_space_inner\"><\/span><\/div>\n\t<div id=\"ronda-logo-footer\" class=\"wpb_single_image wpb_content_element vc_align_right   mobile-align-left\">\n\t\t\n\t\t<figure class=\"wpb_wrapper vc_figure\">\n\t\t\t<a href=\"https:\/\/www.rondainvest.cz\/\" target=\"_blank\" class=\"vc_single_image-wrapper   vc_box_border_grey\"><img loading=\"lazy\" decoding=\"async\" width=\"813\" height=\"813\" src=\"https:\/\/onboarding.paymont.eu\/wp-content\/uploads\/2024\/03\/ctverec_logo_transp.png\" class=\"vc_single_image-img attachment-full\" alt=\"\" srcset=\"https:\/\/onboarding.paymont.eu\/wp-content\/uploads\/2024\/03\/ctverec_logo_transp.png 813w, https:\/\/onboarding.paymont.eu\/wp-content\/uploads\/2024\/03\/ctverec_logo_transp-300x300.png 300w, https:\/\/onboarding.paymont.eu\/wp-content\/uploads\/2024\/03\/ctverec_logo_transp-150x150.png 150w, https:\/\/onboarding.paymont.eu\/wp-content\/uploads\/2024\/03\/ctverec_logo_transp-768x768.png 768w, https:\/\/onboarding.paymont.eu\/wp-content\/uploads\/2024\/03\/ctverec_logo_transp-12x12.png 12w, https:\/\/onboarding.paymont.eu\/wp-content\/uploads\/2024\/03\/ctverec_logo_transp-550x550.png 550w\" sizes=\"auto, (max-width: 813px) 100vw, 813px\" \/><\/a>\n\t\t<\/figure>\n\t<\/div>\n<\/div><\/div><\/div><\/div><\/div><\/div><\/div><\/div><\/section><div class=\"vc_row-full-width vc_clearfix\"><\/div>","protected":false},"excerpt":{"rendered":"Professional payment services For individuals and corporate clients from all around the world\u2026\u00a0 Open Account Find out more Our ServicesPayment account for trust fundOpen an online account for your trust fundMulticurrency payment account Our business accounts make international payments faster, [...]","protected":false},"author":2,"featured_media":0,"parent":0,"menu_order":0,"comment_status":"closed","ping_status":"closed","template":"","meta":{"_acf_changed":false,"footnotes":""},"class_list":["post-322","page","type-page","status-publish","hentry"],"acf":[],"_links":{"self":[{"href":"https:\/\/onboarding.paymont.eu\/cs\/wp-json\/wp\/v2\/pages\/322","targetHints":{"allow":["GET"]}}],"collection":[{"href":"https:\/\/onboarding.paymont.eu\/cs\/wp-json\/wp\/v2\/pages"}],"about":[{"href":"https:\/\/onboarding.paymont.eu\/cs\/wp-json\/wp\/v2\/types\/page"}],"author":[{"embeddable":true,"href":"https:\/\/onboarding.paymont.eu\/cs\/wp-json\/wp\/v2\/users\/2"}],"replies":[{"embeddable":true,"href":"https:\/\/onboarding.paymont.eu\/cs\/wp-json\/wp\/v2\/comments?post=322"}],"version-history":[{"count":154,"href":"https:\/\/onboarding.paymont.eu\/cs\/wp-json\/wp\/v2\/pages\/322\/revisions"}],"predecessor-version":[{"id":1671,"href":"https:\/\/onboarding.paymont.eu\/cs\/wp-json\/wp\/v2\/pages\/322\/revisions\/1671"}],"wp:attachment":[{"href":"https:\/\/onboarding.paymont.eu\/cs\/wp-json\/wp\/v2\/media?parent=322"}],"curies":[{"name":"wp","href":"https:\/\/api.w.org\/{rel}","templated":true}]}}