{"id":861,"date":"2022-07-19T08:43:05","date_gmt":"2022-07-19T08:43:05","guid":{"rendered":"https:\/\/onboarding.paymont.eu\/?page_id=861"},"modified":"2026-02-13T13:42:15","modified_gmt":"2026-02-13T13:42:15","slug":"documents","status":"publish","type":"page","link":"https:\/\/onboarding.paymont.eu\/cs\/documents\/","title":{"rendered":"Dokumenty"},"content":{"rendered":"<section class=\"vc_section pm-section\"><div class=\"vc_row wpb_row vc_row-fluid white-box vc_custom_1759912183643\" ><div class=\"wpb_column vc_column_container vc_col-sm-12\"><div class=\"vc_column-inner\"><div class=\"wpb_wrapper\"><div class=\"vc_row wpb_row vc_inner vc_row-fluid white-box\" ><div class=\"wpb_column vc_column_container vc_col-sm-12\"><div class=\"vc_column-inner\"><div class=\"wpb_wrapper\"><h3 style=\"font-size: 19px;text-align: left\" class=\"vc_custom_heading vc_custom_1764606299513\" >Tariff of PAYMONT, UAB effective from 01\/12\/2025 (for clients not using services of company RONDA INVEST a.s.)<\/h3>\n\t<div class=\"wpb_text_column wpb_content_element\" >\n\t\t<div class=\"wpb_wrapper\">\n\t\t\t<p>Anglicky<\/p>\n<p><a href=\"https:\/\/onboarding.paymont.eu\/wp-content\/uploads\/2025\/12\/paymont-pricing-effective-01-12-2025.pdf\" target=\"_blank\" rel=\"noopener\">Zobrazit dokument<\/a><\/p>\n\n\t\t<\/div>\n\t<\/div>\n<\/div><\/div><\/div><\/div><div class=\"vc_row wpb_row vc_inner vc_row-fluid white-box\" ><div class=\"wpb_column vc_column_container vc_col-sm-12\"><div class=\"vc_column-inner\"><div class=\"wpb_wrapper\"><h3 style=\"font-size: 19px;text-align: left\" class=\"vc_custom_heading vc_custom_1767711546425\" >Tariff of PAYMONT UAB valid from 1.1.2026 (for clients using the services of RONDA INVEST a.s.)<\/h3>\n\t<div class=\"wpb_text_column wpb_content_element\" >\n\t\t<div class=\"wpb_wrapper\">\n\t\t\t<p>Anglicky\/\u010desky<\/p>\n<p><a href=\"https:\/\/onboarding.paymont.eu\/wp-content\/uploads\/2026\/01\/Paymont-Pricing-Rondainvest.pdf\">Zobrazit dokument<\/a><\/p>\n\n\t\t<\/div>\n\t<\/div>\n<\/div><\/div><\/div><\/div><div class=\"vc_row wpb_row vc_inner vc_row-fluid white-box\" ><div class=\"wpb_column vc_column_container vc_col-sm-12\"><div class=\"vc_column-inner\"><div class=\"wpb_wrapper\"><h3 style=\"font-size: 19px;text-align: left\" class=\"vc_custom_heading vc_custom_1759910972461\" ><a href=\"https:\/\/onboarding.paymont.eu\/wp-content\/uploads\/2024\/01\/Paymont_XML_batches_documentation.pdf\" target=\"_blank\" title=\"Paymont XML Batches Documentation\">Verification of Payee<\/a><\/h3>\n\t<div class=\"wpb_text_column wpb_content_element\" >\n\t\t<div class=\"wpb_wrapper\">\n\t\t\t<p>Anglicky\/\u010desky<\/p>\n<p><a href=\"https:\/\/onboarding.paymont.eu\/wp-content\/uploads\/2025\/10\/Paymont_VOP_Manual_ENG.pdf\" target=\"_blank\" rel=\"noopener\">Zobrazit dokument<\/a><\/p>\n<p><a href=\"https:\/\/onboarding.paymont.eu\/wp-content\/uploads\/2025\/10\/Paymont_VOP_Manual_CZ.pdf\" target=\"_blank\" rel=\"noopener\">Zobrazit dokument<\/a><\/p>\n\n\t\t<\/div>\n\t<\/div>\n<\/div><\/div><\/div><\/div><div class=\"vc_empty_space\"   style=\"height: 32px\"><span class=\"vc_empty_space_inner\"><\/span><\/div><div class=\"vc_row wpb_row vc_inner vc_row-fluid white-box\" ><div class=\"wpb_column vc_column_container vc_col-sm-12\"><div class=\"vc_column-inner\"><div class=\"wpb_wrapper\"><h3 style=\"font-size: 19px;text-align: left\" class=\"vc_custom_heading vc_custom_1706086668313\" ><a href=\"https:\/\/onboarding.paymont.eu\/wp-content\/uploads\/2024\/01\/Paymont_XML_batches_documentation.pdf\" target=\"_blank\" title=\"Paymont XML Batches Documentation\">Import XML Batches Documentation<\/a><\/h3>\n\t<div class=\"wpb_text_column wpb_content_element\" >\n\t\t<div class=\"wpb_wrapper\">\n\t\t\t<p>Anglicky<\/p>\n<p><a href=\"https:\/\/onboarding.paymont.eu\/wp-content\/uploads\/2025\/08\/Paymont_XML_batches_documentation_v3.pdf\" target=\"_blank\" rel=\"noopener\">Zobrazit dokument<\/a><\/p>\n\n\t\t<\/div>\n\t<\/div>\n<\/div><\/div><\/div><\/div><div class=\"vc_empty_space\"   style=\"height: 32px\"><span class=\"vc_empty_space_inner\"><\/span><\/div><div class=\"vc_row wpb_row vc_inner vc_row-fluid white-box\" ><div class=\"wpb_column vc_column_container vc_col-sm-12\"><div class=\"vc_column-inner\"><div class=\"wpb_wrapper\"><h3 style=\"font-size: 19px;text-align: left\" class=\"vc_custom_heading vc_custom_1689951236828\" >Known fraud schemes<\/h3>\n\t<div class=\"wpb_text_column wpb_content_element\" >\n\t\t<div class=\"wpb_wrapper\">\n\t\t\t<p>Anglicky<\/p>\n<p><a href=\"https:\/\/onboarding.paymont.eu\/wp-content\/uploads\/2025\/07\/Known-fraud-schemes.pdf\" target=\"_blank\" rel=\"noopener\">Zobrazit dokument<\/a><\/p>\n\n\t\t<\/div>\n\t<\/div>\n<\/div><\/div><\/div><\/div><div class=\"vc_empty_space\"   style=\"height: 32px\"><span class=\"vc_empty_space_inner\"><\/span><\/div><div class=\"vc_row wpb_row vc_inner vc_row-fluid white-box\" ><div class=\"wpb_column vc_column_container vc_col-sm-12\"><div class=\"vc_column-inner\"><div class=\"wpb_wrapper\"><h3 style=\"font-size: 19px;text-align: left\" class=\"vc_custom_heading vc_custom_1689951221805\" >KYC procedure and documents guidelines<\/h3>\n\t<div class=\"wpb_text_column wpb_content_element\" >\n\t\t<div class=\"wpb_wrapper\">\n\t\t\t<p>Anglicky<\/p>\n<p><a href=\"https:\/\/onboarding.paymont.eu\/wp-content\/uploads\/2023\/07\/Onboarding_KYC_Process_and_Required_Documents_Guidelines.pdf\" target=\"_blank\" rel=\"noopener\">Zobrazit dokument<\/a><\/p>\n\n\t\t<\/div>\n\t<\/div>\n<\/div><\/div><\/div><\/div><div class=\"vc_empty_space\"   style=\"height: 32px\"><span class=\"vc_empty_space_inner\"><\/span><\/div><div class=\"vc_row wpb_row vc_inner vc_row-fluid white-box\" ><div class=\"wpb_column vc_column_container vc_col-sm-12\"><div class=\"vc_column-inner\"><div class=\"wpb_wrapper\"><h3 style=\"font-size: 19px;text-align: left\" class=\"vc_custom_heading vc_custom_1689951199342\" >AML\/CTF Glossary definitions and FAQ<\/h3>\n\t<div class=\"wpb_text_column wpb_content_element\" >\n\t\t<div class=\"wpb_wrapper\">\n\t\t\t<p>Anglicky<\/p>\n<p><a href=\"https:\/\/onboarding.paymont.eu\/wp-content\/uploads\/2023\/07\/AMLCFT_FAQ_Definitions.pdf\" target=\"_blank\" rel=\"noopener\">Zobrazit dokument<\/a><\/p>\n\n\t\t<\/div>\n\t<\/div>\n<\/div><\/div><\/div><\/div><div class=\"vc_empty_space\"   style=\"height: 32px\"><span class=\"vc_empty_space_inner\"><\/span><\/div><div class=\"vc_row wpb_row vc_inner vc_row-fluid white-box\" ><div class=\"wpb_column vc_column_container vc_col-sm-12\"><div class=\"vc_column-inner\"><div class=\"wpb_wrapper\"><h3 style=\"font-size: 19px;text-align: left\" class=\"vc_custom_heading vc_custom_1689943793385\" >Security information<\/h3>\n\t<div class=\"wpb_text_column wpb_content_element\" >\n\t\t<div class=\"wpb_wrapper\">\n\t\t\t<p>Anglicky<\/p>\n<p><a href=\"https:\/\/onboarding.paymont.eu\/wp-content\/uploads\/2023\/07\/SECURITY_INFORMATION.pdf\" target=\"_blank\" rel=\"noopener\">Zobrazit dokument<\/a><\/p>\n\n\t\t<\/div>\n\t<\/div>\n<\/div><\/div><\/div><\/div><div class=\"vc_empty_space\"   style=\"height: 32px\"><span class=\"vc_empty_space_inner\"><\/span><\/div><div class=\"vc_empty_space\"   style=\"height: 32px\"><span class=\"vc_empty_space_inner\"><\/span><\/div><div class=\"vc_row wpb_row vc_inner vc_row-fluid white-box\" ><div class=\"wpb_column vc_column_container vc_col-sm-12\"><div class=\"vc_column-inner\"><div class=\"wpb_wrapper\"><h3 style=\"font-size: 19px;text-align: left\" class=\"vc_custom_heading vc_custom_1658221571136\" >V\u0161eobecn\u00e9 obchodn\u00ed podm\u00ednky ke smlouv\u011b o platebn\u00edm \u00fa\u010dtu platn\u00e9 od 15.7.2022<\/h3>\n\t<div class=\"wpb_text_column wpb_content_element\" >\n\t\t<div class=\"wpb_wrapper\">\n\t\t\t<p>Anglicky\/\u010desky<\/p>\n<p><a href=\"https:\/\/onboarding.paymont.eu\/wp-content\/uploads\/2022\/07\/PAYMONT_General_terms_ver.2022_07_15.pdf\" target=\"_blank\" rel=\"noopener\">Zobrazit dokument<\/a><\/p>\n\n\t\t<\/div>\n\t<\/div>\n<\/div><\/div><\/div><\/div><div class=\"vc_empty_space\"   style=\"height: 32px\"><span class=\"vc_empty_space_inner\"><\/span><\/div><div class=\"vc_empty_space\"   style=\"height: 32px\"><span class=\"vc_empty_space_inner\"><\/span><\/div><div class=\"vc_row wpb_row vc_inner vc_row-fluid white-box\" ><div class=\"wpb_column vc_column_container vc_col-sm-12\"><div class=\"vc_column-inner\"><div class=\"wpb_wrapper\"><h3 style=\"font-size: 19px;text-align: left\" class=\"vc_custom_heading vc_custom_1658221588887\" >Sazebn\u00edk spole\u010dnosti PAYMONT UAB platn\u00fd od 15.7.2022 (pro klienty vyu\u017e\u00edvaj\u00edc\u00ed slu\u017eby spole\u010dnosti RONDA INVEST a.s.)<\/h3>\n\t<div class=\"wpb_text_column wpb_content_element\" >\n\t\t<div class=\"wpb_wrapper\">\n\t\t\t<p>Anglicky\/\u010desky<\/p>\n<p><a href=\"https:\/\/onboarding.paymont.eu\/cs\/Sazebnik_Tariff_RI.pdf\/\">Zobrazit dokument<\/a><\/p>\n\n\t\t<\/div>\n\t<\/div>\n<\/div><\/div><\/div><\/div><div class=\"vc_row wpb_row vc_inner vc_row-fluid white-box\" ><div class=\"wpb_column vc_column_container vc_col-sm-12\"><div class=\"vc_column-inner\"><div class=\"wpb_wrapper\"><h3 style=\"font-size: 19px;text-align: left\" class=\"vc_custom_heading vc_custom_1734687545647\" >Privacy policy (in force form 2022-07-15 to 2023-12-19)<\/h3>\n\t<div class=\"wpb_text_column wpb_content_element\" >\n\t\t<div class=\"wpb_wrapper\">\n\t\t\t<p>Anglicky\/\u010desky<\/p>\n<p><a href=\"https:\/\/onboarding.paymont.eu\/wp-content\/uploads\/2022\/07\/Privacy_Policy_2022_07_15.pdf\">Zobrazit dokument<\/a><\/p>\n\n\t\t<\/div>\n\t<\/div>\n<\/div><\/div><\/div><\/div><div class=\"vc_empty_space\"   style=\"height: 32px\"><span class=\"vc_empty_space_inner\"><\/span><\/div><div class=\"vc_row wpb_row vc_inner vc_row-fluid white-box\" ><div class=\"wpb_column vc_column_container vc_col-sm-12\"><div class=\"vc_column-inner\"><div class=\"wpb_wrapper\"><h3 style=\"font-size: 19px;text-align: left\" class=\"vc_custom_heading vc_custom_1752582729204\" ><a href=\"https:\/\/onboarding.paymont.eu\/wp-content\/uploads\/2025\/07\/Privacy_Notice_customers_v2_2024-12-16.pdf\">Privacy Notice for Customers<\/a><\/h3>\n\t<div class=\"wpb_text_column wpb_content_element\" >\n\t\t<div class=\"wpb_wrapper\">\n\t\t\t<p>Anglicky<br \/>\n<a href=\"https:\/\/onboarding.paymont.eu\/wp-content\/uploads\/2025\/07\/Privacy_Notice_customers_v2_2024-12-16.pdf\">Zobrazit dokument<\/a><\/p>\n\n\t\t<\/div>\n\t<\/div>\n<\/div><\/div><\/div><\/div><div class=\"vc_empty_space\"   style=\"height: 32px\"><span class=\"vc_empty_space_inner\"><\/span><\/div><div class=\"vc_row wpb_row vc_inner vc_row-fluid white-box\" ><div class=\"wpb_column vc_column_container vc_col-sm-12\"><div class=\"vc_column-inner\"><div class=\"wpb_wrapper\"><h3 style=\"font-size: 19px;text-align: left\" class=\"vc_custom_heading vc_custom_1658221597285\" >Bezpe\u010dnostn\u00ed pokyny pro u\u017e\u00edv\u00e1n\u00ed internetov\u00e9ho bankovnictv\u00ed<\/h3>\n\t<div class=\"wpb_text_column wpb_content_element\" >\n\t\t<div class=\"wpb_wrapper\">\n\t\t\t<p>Anglicky\/\u010desky<\/p>\n<p><a href=\"https:\/\/onboarding.paymont.eu\/wp-content\/uploads\/2022\/07\/Security_Instructions_Online_Banking_2022_07_15.pdf\">Zobrazit dokument<\/a><\/p>\n\n\t\t<\/div>\n\t<\/div>\n<\/div><\/div><\/div><\/div><div class=\"vc_empty_space\"   style=\"height: 32px\"><span class=\"vc_empty_space_inner\"><\/span><\/div><div class=\"vc_row wpb_row vc_inner vc_row-fluid white-box\" ><div class=\"wpb_column vc_column_container vc_col-sm-12\"><div class=\"vc_column-inner\"><div class=\"wpb_wrapper\"><h3 style=\"font-size: 19px;text-align: left\" class=\"vc_custom_heading vc_custom_1741785681794\" >Notification regarding processing of payments effective from 01.03.2025<\/h3>\n\t<div class=\"wpb_text_column wpb_content_element\" >\n\t\t<div class=\"wpb_wrapper\">\n\t\t\t<p>Anglicky\/\u010desky<\/p>\n<p><a href=\"https:\/\/onboarding.paymont.eu\/wp-content\/uploads\/2025\/03\/Processing_payments_2025_03_01.pdf\">Zobrazit dokument<\/a><\/p>\n\n\t\t<\/div>\n\t<\/div>\n<\/div><\/div><\/div><\/div><div class=\"vc_empty_space\"   style=\"height: 32px\"><span class=\"vc_empty_space_inner\"><\/span><\/div><div class=\"vc_row wpb_row vc_inner vc_row-fluid white-box\" ><div class=\"wpb_column vc_column_container vc_col-sm-12\"><div class=\"vc_column-inner\"><div class=\"wpb_wrapper\"><h3 style=\"font-size: 19px;text-align: left\" class=\"vc_custom_heading vc_custom_1659972155234\" >Informa\u010dn\u00ed sd\u011blen\u00ed p\u0159ed uzav\u0159en\u00edm smlouvy se spole\u010dnost\u00ed PAYMONT, UAB platn\u00e9 od 15.7.2022<\/h3>\n\t<div class=\"wpb_text_column wpb_content_element\" >\n\t\t<div class=\"wpb_wrapper\">\n\t\t\t<p>Anglicky\/\u010desky<\/p>\n<p><a href=\"https:\/\/onboarding.paymont.eu\/wp-content\/uploads\/2024\/04\/Predsmluni_info_2022_07_15.pdf\">Zobrazit dokument<\/a><\/p>\n\n\t\t<\/div>\n\t<\/div>\n<\/div><\/div><\/div><\/div><div class=\"vc_empty_space\"   style=\"height: 32px\"><span class=\"vc_empty_space_inner\"><\/span><\/div><div class=\"vc_row wpb_row vc_inner vc_row-fluid white-box\" ><div class=\"wpb_column vc_column_container vc_col-sm-12\"><div class=\"vc_column-inner\"><div class=\"wpb_wrapper\"><h3 style=\"font-size: 19px;text-align: left\" class=\"vc_custom_heading vc_custom_1725460920640\" >U\u017eivatelsk\u00e1 p\u0159\u00edru\u010dka pro PAYMONT Internet Banking<\/h3>\n\t<div class=\"wpb_text_column wpb_content_element\" >\n\t\t<div class=\"wpb_wrapper\">\n\t\t\t<p>\u010cesky<\/p>\n<p><a href=\"https:\/\/onboarding.paymont.eu\/wp-content\/uploads\/2024\/04\/Uzivatelska-prirucka_05_03_2024.pdf\">Zobrazit dokument<\/a><\/p>\n\n\t\t<\/div>\n\t<\/div>\n<\/div><\/div><\/div><\/div><div class=\"vc_empty_space\"   style=\"height: 32px\"><span class=\"vc_empty_space_inner\"><\/span><\/div><div class=\"vc_row wpb_row vc_inner vc_row-fluid white-box\" ><div class=\"wpb_column vc_column_container vc_col-sm-12\"><div class=\"vc_column-inner\"><div class=\"wpb_wrapper\"><h3 style=\"font-size: 19px;text-align: left\" class=\"vc_custom_heading vc_custom_1708522796359\" >Ozn\u00e1meni o zpracov\u00e1v\u00e1n\u00ed osobn\u00edch \u00fadaj\u016f<\/h3>\n\t<div class=\"wpb_text_column wpb_content_element\" >\n\t\t<div class=\"wpb_wrapper\">\n\t\t\t<p>\u010cesky<\/p>\n<p><a href=\"https:\/\/onboarding.paymont.eu\/wp-content\/uploads\/2024\/02\/Oznameni-o-zpracovavanych-osobnich-udajich.pdf\">Zobrazit dokument<\/a><\/p>\n\n\t\t<\/div>\n\t<\/div>\n<\/div><\/div><\/div><\/div><div class=\"vc_row wpb_row vc_inner vc_row-fluid white-box\" ><div class=\"wpb_column vc_column_container vc_col-sm-12\"><div class=\"vc_column-inner\"><div class=\"wpb_wrapper\"><h3 style=\"font-size: 19px;text-align: left\" class=\"vc_custom_heading vc_custom_1764606617856\" >Tariff of PAYMONT UAB valid from 01\/07\/2023 till 30\/11\/2025 (for clients not using services of company RONDA INVEST a.s.)<\/h3>\n\t<div class=\"wpb_text_column wpb_content_element\" >\n\t\t<div class=\"wpb_wrapper\">\n\t\t\t<p>Anglicky\/\u010desky<\/p>\n<p><a href=\"https:\/\/onboarding.paymont.eu\/wp-content\/uploads\/2023\/09\/Tariff_Non-RI_2023-07-01_nonclients_RI.pdf\" target=\"_blank\" rel=\"noopener\">Zobrazit dokument<\/a><\/p>\n\n\t\t<\/div>\n\t<\/div>\n<\/div><\/div><\/div><\/div><div class=\"vc_empty_space\"   style=\"height: 32px\"><span class=\"vc_empty_space_inner\"><\/span><\/div><div class=\"vc_empty_space\"   style=\"height: 32px\"><span class=\"vc_empty_space_inner\"><\/span><\/div><div class=\"vc_row wpb_row vc_inner vc_row-fluid white-box\" ><div class=\"wpb_column vc_column_container vc_col-sm-12\"><div class=\"vc_column-inner\"><div class=\"wpb_wrapper\"><h3 style=\"font-size: 19px;text-align: left\" class=\"vc_custom_heading vc_custom_1735896638253\" >Sazebn\u00edk spole\u010dnosti PAYMONT UAB platn\u00fd od 01.09.2024 (pro sv\u011b\u0159ensk\u00e9 fondy)<\/h3>\n\t<div class=\"wpb_text_column wpb_content_element\" >\n\t\t<div class=\"wpb_wrapper\">\n\t\t\t<p>Anglicky\/\u010cesky<\/p>\n<p><a href=\"https:\/\/onboarding.paymont.eu\/wp-content\/uploads\/2024\/08\/Tariff_trusts_01-09-2024.pdf\">Zobrazit dokument<\/a><\/p>\n\n\t\t<\/div>\n\t<\/div>\n<\/div><\/div><\/div><\/div><div class=\"vc_empty_space\"   style=\"height: 32px\"><span class=\"vc_empty_space_inner\"><\/span><\/div><div class=\"vc_row wpb_row vc_inner vc_row-fluid white-box\" ><div class=\"wpb_column vc_column_container vc_col-sm-12\"><div class=\"vc_column-inner\"><div class=\"wpb_wrapper\"><h3 style=\"font-size: 19px;text-align: left\" class=\"vc_custom_heading vc_custom_1756897940106\" ><a href=\"https:\/\/onboarding.paymont.eu\/wp-content\/uploads\/2025\/09\/Standardni-postup-pri-reklamacich.pdf\">Standardn\u00ed postup pro pod\u00e1n\u00ed st\u00ed\u017enosti<\/a><\/h3>\n\t<div class=\"wpb_text_column wpb_content_element\" >\n\t\t<div class=\"wpb_wrapper\">\n\t\t\t<p>\u010cesky<\/p>\n<p><a href=\"https:\/\/onboarding.paymont.eu\/wp-content\/uploads\/2025\/09\/Standardni-postup-pri-reklamacich.pdf\" target=\"_blank\" rel=\"noopener\">Zobrazit dokument<\/a><\/p>\n\n\t\t<\/div>\n\t<\/div>\n<\/div><\/div><\/div><\/div><div class=\"vc_empty_space\"   style=\"height: 32px\"><span class=\"vc_empty_space_inner\"><\/span><\/div><div class=\"vc_empty_space\"   style=\"height: 32px\"><span class=\"vc_empty_space_inner\"><\/span><\/div><div class=\"vc_empty_space\"   style=\"height: 32px\"><span class=\"vc_empty_space_inner\"><\/span><\/div><\/div><\/div><\/div><\/div><\/section>","protected":false},"excerpt":{"rendered":"Tariff of PAYMONT, UAB effective from 01\/12\/2025 (for clients not using services of company RONDA INVEST a.s.) English View document Tariff of PAYMONT UAB valid from 1.1.2026 (for clients using the services of RONDA INVEST a.s.) English\/Czech View document Verification [...]","protected":false},"author":2,"featured_media":0,"parent":0,"menu_order":0,"comment_status":"closed","ping_status":"closed","template":"","meta":{"_acf_changed":false,"footnotes":""},"class_list":["post-861","page","type-page","status-publish","hentry"],"acf":[],"_links":{"self":[{"href":"https:\/\/onboarding.paymont.eu\/cs\/wp-json\/wp\/v2\/pages\/861","targetHints":{"allow":["GET"]}}],"collection":[{"href":"https:\/\/onboarding.paymont.eu\/cs\/wp-json\/wp\/v2\/pages"}],"about":[{"href":"https:\/\/onboarding.paymont.eu\/cs\/wp-json\/wp\/v2\/types\/page"}],"author":[{"embeddable":true,"href":"https:\/\/onboarding.paymont.eu\/cs\/wp-json\/wp\/v2\/users\/2"}],"replies":[{"embeddable":true,"href":"https:\/\/onboarding.paymont.eu\/cs\/wp-json\/wp\/v2\/comments?post=861"}],"version-history":[{"count":136,"href":"https:\/\/onboarding.paymont.eu\/cs\/wp-json\/wp\/v2\/pages\/861\/revisions"}],"predecessor-version":[{"id":1681,"href":"https:\/\/onboarding.paymont.eu\/cs\/wp-json\/wp\/v2\/pages\/861\/revisions\/1681"}],"wp:attachment":[{"href":"https:\/\/onboarding.paymont.eu\/cs\/wp-json\/wp\/v2\/media?parent=861"}],"curies":[{"name":"wp","href":"https:\/\/api.w.org\/{rel}","templated":true}]}}