{"id":303,"date":"2021-08-16T16:05:28","date_gmt":"2021-08-16T16:05:28","guid":{"rendered":"https:\/\/onboarding.paymont.eu\/?page_id=303"},"modified":"2026-01-12T14:48:50","modified_gmt":"2026-01-12T14:48:50","slug":"career","status":"publish","type":"page","link":"https:\/\/onboarding.paymont.eu\/lt\/career\/","title":{"rendered":"Karjera"},"content":{"rendered":"<section class=\"vc_section\"><div class=\"vc_row wpb_row vc_row-fluid pm-container vc_custom_1632397631160\" ><div class=\"wpb_column vc_column_container vc_col-sm-12\"><div class=\"vc_column-inner\"><div class=\"wpb_wrapper\">\n\t<div class=\"wpb_text_column wpb_content_element  pm-text_extrabig text-black\" >\n\t\t<div class=\"wpb_wrapper\">\n\t\t\t<p class=\"translation-block\">Mes ie\u0161kome <strong>talenting\u0173 \u017emoni\u0173<\/strong> kurie mums pad\u0117t\u0173 <strong>mok\u0117jim\u0173 paslaugas padaryti prieinamas visiems..<\/strong><\/p>\n\n\t\t<\/div>\n\t<\/div>\n<div class=\"vc_empty_space\"   style=\"height: 32px\"><span class=\"vc_empty_space_inner\"><\/span><\/div><div class=\"vc_row wpb_row vc_inner vc_row-fluid\" ><div class=\"wpb_column vc_column_container vc_col-sm-6\"><div class=\"vc_column-inner\"><div class=\"wpb_wrapper\">\n\t<div class=\"wpb_text_column wpb_content_element  pm-list\" >\n\t\t<div class=\"wpb_wrapper\">\n\t\t\t<p>Mes nuolat ie\u0161kome talent\u0173, kurie prisijungt\u0173 prie m\u016bs\u0173 augan\u010dios tarptautin\u0117s komandos. Kiekvienas komandos narys prisideda prie esmini\u0173 \u012fmon\u0117s sprendim\u0173. Jeigu esi pasiruo\u0161\u0119s prisijungti prie augan\u010dios kompanijos, dirbti su kolegomis i\u0161 viso pasaulio, tur\u0117ti reik\u0161ming\u0105 ind\u0117l\u012f ir dirbti perspektyvioje mok\u0117jim\u0173 paslaug\u0173 sferoje, susisiek su mumis!<\/p>\n\n\t\t<\/div>\n\t<\/div>\n<div class=\"vc_empty_space\"   style=\"height: 20px\"><span class=\"vc_empty_space_inner\"><\/span><\/div>\n\t<div class=\"wpb_text_column wpb_content_element  pm-list\" >\n\t\t<div class=\"wpb_wrapper\">\n\t\t\t<h5 class=\"pm-h5\">K\u0105 mes si\u016blome?<\/h5>\n<ul>\n<li>Dinami\u0161k\u0105 aplink\u0105 biuruose Vilniuje ir Prahoje<\/li>\n<li>Kasdienius i\u0161\u0161\u016bkius<\/li>\n<li>Asmeninio tobul\u0117jimo galimybes<\/li>\n<li>Darb\u0105 motyvuotoje tarptautin\u0117je komandoje<\/li>\n<\/ul>\n\n\t\t<\/div>\n\t<\/div>\n<div class=\"vc_empty_space\"   style=\"height: 40px\"><span class=\"vc_empty_space_inner\"><\/span><\/div><div class=\"vc_btn3-container vc_btn3-left\" ><a class=\"vc_general vc_btn3 vc_btn3-size-md vc_btn3-shape-round vc_btn3-style-flat vc_btn3-color-black\" href=\"#contact\" title=\"\">Domina<\/a><\/div>\n\t<div  class=\"wpb_single_image wpb_content_element vc_align_left  vc_custom_1631385265113  d-md-none\">\n\t\t\n\t\t<figure class=\"wpb_wrapper vc_figure\">\n\t\t\t<div class=\"vc_single_image-wrapper   vc_box_border_grey\"><img loading=\"lazy\" decoding=\"async\" width=\"583\" height=\"540\" src=\"https:\/\/onboarding.paymont.eu\/wp-content\/uploads\/2021\/09\/hr_map.png\" class=\"vc_single_image-img attachment-full\" alt=\"\" srcset=\"https:\/\/onboarding.paymont.eu\/wp-content\/uploads\/2021\/09\/hr_map.png 583w, https:\/\/onboarding.paymont.eu\/wp-content\/uploads\/2021\/09\/hr_map-300x278.png 300w, https:\/\/onboarding.paymont.eu\/wp-content\/uploads\/2021\/09\/hr_map-13x12.png 13w\" sizes=\"auto, (max-width: 583px) 100vw, 583px\" \/><\/div>\n\t\t<\/figure>\n\t<\/div>\n<\/div><\/div><\/div><div class=\"d-none d-md-block wpb_column vc_column_container vc_col-sm-6\"><div class=\"vc_column-inner\"><div class=\"wpb_wrapper\">\n\t<div  class=\"wpb_single_image wpb_content_element vc_align_center\">\n\t\t\n\t\t<figure class=\"wpb_wrapper vc_figure\">\n\t\t\t<div class=\"vc_single_image-wrapper   vc_box_border_grey\"><img decoding=\"async\" src=\"https:\/\/onboarding.paymont.eu\/wp-content\/uploads\/2021\/09\/hr_MAP.svg\" class=\"vc_single_image-img attachment-full\" alt=\"\" \/><\/div>\n\t\t<\/figure>\n\t<\/div>\n<\/div><\/div><\/div><\/div><div class=\"vc_empty_space\"   style=\"height: 80px\"><span class=\"vc_empty_space_inner\"><\/span><\/div><h2 style=\"color: #0a0a0a;text-align: left\" class=\"vc_custom_heading\" ><strong>Laisvos pozicijos<\/strong><\/h2><div class=\"mkdf-accordion-holder mkdf-ac-default  mkdf-toggle mkdf-ac-simple  clearfix\">\n\t<h6 class=\"mkdf-accordion-title\">\n    <span class=\"mkdf-accordion-mark\">\n\t\t<span class=\"mkdf_icon_plus lnr lnr-chevron-right\"><\/span>\n\t\t<span class=\"mkdf_icon_minus lnr lnr-chevron-down\"><\/span>\n\t<\/span>\n\t<span class=\"mkdf-tab-title\">Vilnius, Litva<\/span>\n<\/h6>\n<div class=\"mkdf-accordion-content\">\n\t<div class=\"mkdf-accordion-content-inner\">\n\t\t<div class=\"vc_empty_space\"   style=\"height: 32px\"><span class=\"vc_empty_space_inner\"><\/span><\/div>\n\t<div class=\"wpb_text_column wpb_content_element\" >\n\t\t<div class=\"wpb_wrapper\">\n\t\t\t<p>Are you a seasoned Sales Professional with a passion for driving results? We&#8217;re on the lookout for a talented Sales Manager to lead our dynamic department!<\/p>\n<p>For more information click <a href=\"https:\/\/en.cvbankas.lt\/senior-aml-specialist-vilniuje\/1-11023463\">here<\/a> or contact us via <a href=\"#contact\">esan\u010di\u0105 \u017eemiau<\/a>.<\/p>\n\n\t\t<\/div>\n\t<\/div>\n<div class=\"vc_empty_space\"   style=\"height: 32px\"><span class=\"vc_empty_space_inner\"><\/span><\/div><div class=\"vc_empty_space\"   style=\"height: 32px\"><span class=\"vc_empty_space_inner\"><\/span><\/div><div class=\"vc_empty_space\"   style=\"height: 32px\"><span class=\"vc_empty_space_inner\"><\/span><\/div><div class=\"vc_empty_space\"   style=\"height: 10px\"><span class=\"vc_empty_space_inner\"><\/span><\/div><div class=\"vc_empty_space\"   style=\"height: 10px\"><span class=\"vc_empty_space_inner\"><\/span><\/div>\t<\/div>\n<\/div><h6 class=\"mkdf-accordion-title\">\n    <span class=\"mkdf-accordion-mark\">\n\t\t<span class=\"mkdf_icon_plus lnr lnr-chevron-right\"><\/span>\n\t\t<span class=\"mkdf_icon_minus lnr lnr-chevron-down\"><\/span>\n\t<\/span>\n\t<span class=\"mkdf-tab-title\">Praha, \u010cekijos Respublika<\/span>\n<\/h6>\n<div class=\"mkdf-accordion-content\">\n\t<div class=\"mkdf-accordion-content-inner\">\n\t\t\n\t<div class=\"wpb_text_column wpb_content_element\" >\n\t\t<div class=\"wpb_wrapper\">\n\t\t\t<p><strong>Full-Stack or Java Developer (Java and React)<\/strong><\/p>\n<p>We are looking for a skilled Full Stack or Java Developer to join our team and work on key financial core systems, including AML IS.<\/p>\n<p>For more information contact us via <a href=\"#contact\">esan\u010di\u0105 \u017eemiau<\/a>.<\/p>\n\n\t\t<\/div>\n\t<\/div>\n<div class=\"vc_empty_space\"   style=\"height: 32px\"><span class=\"vc_empty_space_inner\"><\/span><\/div>\n\t<div class=\"wpb_text_column wpb_content_element\" >\n\t\t<div class=\"wpb_wrapper\">\n\t\t\t<p><strong>\u012emon\u0117s direktorius<\/strong><\/p>\n<div class=\"flex flex-grow flex-col max-w-full\">\n<div class=\"min-h-&#091;20px&#093; text-message flex flex-col items-start gap-3 whitespace-pre-wrap break-words &#091;.text-message+&amp;&#093;:mt-5 overflow-x-auto\" data-message-author-role=\"assistant\" data-message-id=\"b385982e-16e5-4102-b197-bb5c9c112e9e\">\n<div class=\"markdown prose w-full break-words dark:prose-invert light\">\n<p>We are seeking an experienced and visionary CEO to lead our EMI. As the CEO, you will be responsible for driving the company\u2019s strategic growth, ensuring regulatory compliance, and overseeing financial operations.<\/p>\n<\/div>\n<\/div>\n<\/div>\n<p>For more information contact us via <a href=\"#contact\">esan\u010di\u0105 \u017eemiau<\/a>.<\/p>\n\n\t\t<\/div>\n\t<\/div>\n<div class=\"vc_empty_space\"   style=\"height: 32px\"><span class=\"vc_empty_space_inner\"><\/span><\/div>\n\t<div class=\"wpb_text_column wpb_content_element\" >\n\t\t<div class=\"wpb_wrapper\">\n\t\t\t<p><strong>Business Development Manager<br \/>\n<\/strong><\/p>\n<div class=\"flex flex-grow flex-col max-w-full\">\n<div class=\"min-h-&#091;20px&#093; text-message flex flex-col items-start gap-3 whitespace-pre-wrap break-words &#091;.text-message+&amp;&#093;:mt-5 overflow-x-auto\" data-message-author-role=\"assistant\" data-message-id=\"b385982e-16e5-4102-b197-bb5c9c112e9e\">\n<div class=\"markdown prose w-full break-words dark:prose-invert light\">\n<p>Drive Growth and Innovation as Our Next Business Development Manager<\/p>\n<\/div>\n<\/div>\n<\/div>\n<p>For more information contact us via <a href=\"#contact\">esan\u010di\u0105 \u017eemiau<\/a>.<\/p>\n\n\t\t<\/div>\n\t<\/div>\n<div class=\"vc_empty_space\"   style=\"height: 32px\"><span class=\"vc_empty_space_inner\"><\/span><\/div>\n\t<div class=\"wpb_text_column wpb_content_element\" >\n\t\t<div class=\"wpb_wrapper\">\n\t\t\t<p><strong>IT Infrastructure Specialist<br \/>\n<\/strong><\/p>\n<div class=\"flex flex-grow flex-col max-w-full\">\n<div class=\"min-h-&#091;20px&#093; text-message flex flex-col items-start gap-3 whitespace-pre-wrap break-words &#091;.text-message+&amp;&#093;:mt-5 overflow-x-auto\" data-message-author-role=\"assistant\" data-message-id=\"b385982e-16e5-4102-b197-bb5c9c112e9e\">\n<div class=\"markdown prose w-full break-words dark:prose-invert light\">\n<p>Shape the Future of Technology \u2013 Join Us as an IT Infrastructure Specialist and Design Cutting-Edge Solutions for Tomorrow!<\/p>\n<\/div>\n<\/div>\n<\/div>\n<p>For more information contact us via <a href=\"#contact\">esan\u010di\u0105 \u017eemiau<\/a>.<\/p>\n\n\t\t<\/div>\n\t<\/div>\n<div class=\"vc_empty_space\"   style=\"height: 32px\"><span class=\"vc_empty_space_inner\"><\/span><\/div>\n\t<div class=\"wpb_text_column wpb_content_element\" >\n\t\t<div class=\"wpb_wrapper\">\n\t\t\t<p><strong>Operations Manager (Payments &amp; FinTech)<br \/>\n<\/strong><\/p>\n<div class=\"flex flex-grow flex-col max-w-full\">\n<div class=\"min-h-&#091;20px&#093; text-message flex flex-col items-start gap-3 whitespace-pre-wrap break-words &#091;.text-message+&amp;&#093;:mt-5 overflow-x-auto\" data-message-author-role=\"assistant\" data-message-id=\"b385982e-16e5-4102-b197-bb5c9c112e9e\">\n<div class=\"markdown prose w-full break-words dark:prose-invert light\">\n<p>Lead Back Office Processes \u2013 Become Our Operations Manager and Help Steer the Company to Success!<\/p>\n<\/div>\n<\/div>\n<\/div>\n<p>For more information contact us via <a href=\"#contact\">esan\u010di\u0105 \u017eemiau<\/a>.<\/p>\n\n\t\t<\/div>\n\t<\/div>\n<div class=\"vc_empty_space\"   style=\"height: 32px\"><span class=\"vc_empty_space_inner\"><\/span><\/div><div class=\"vc_btn3-container vc_btn3-left\" ><a class=\"vc_general vc_btn3 vc_btn3-size-md vc_btn3-shape-round vc_btn3-style-flat vc_btn3-color-black\" href=\"https:\/\/www.jobs.cz\/prace\/?company%5B%5D=1703045602\" title=\"\" target=\"_blank\">Su\u017einoti daugiau<\/a><\/div>\t<\/div>\n<\/div><\/div><\/div><\/div><\/div><\/div><\/section><section id=\"contact\" data-vc-full-width=\"true\" data-vc-full-width-init=\"false\" class=\"vc_section vc_custom_1631381211179 vc_section-has-fill\"><div class=\"vc_row wpb_row vc_row-fluid\" ><div class=\"wpb_column vc_column_container vc_col-sm-12\"><div class=\"vc_column-inner\"><div class=\"wpb_wrapper\"><h2 style=\"color: #0a0a0a;text-align: center\" class=\"vc_custom_heading\" >Susitikime<\/h2><div class=\"vc_row wpb_row vc_inner vc_row-fluid\" ><div class=\"wpb_column vc_column_container vc_col-sm-3\"><div class=\"vc_column-inner\"><div class=\"wpb_wrapper\"><\/div><\/div><\/div><div class=\"wpb_column vc_column_container vc_col-sm-6\"><div class=\"vc_column-inner\"><div class=\"wpb_wrapper\">\n\t<div class=\"wpb_text_column wpb_content_element\" >\n\t\t<div class=\"wpb_wrapper\">\n\t\t\t<p>Ar Jus domina viena i\u0161 laisv\u0173 pozicij\u0173? D\u017eiaugsim\u0117s sulauk\u0119 J\u016bs\u0173 parai\u0161kos! \n\nJei neradote ie\u0161komos pozicijos, ta\u010diau tikite, kad galite b\u016bti vertingas m\u016bs\u0173 komandos narys, pateikite savo gyvenimo apra\u0161ym\u0105 ir mes su jumis susisieksime, kai tik atsiras laisva darbo vieta.<\/p>\n\n\t\t<\/div>\n\t<\/div>\n<div class=\"vc_empty_space\"   style=\"height: 32px\"><span class=\"vc_empty_space_inner\"><\/span><\/div>\n<div class=\"wpcf7 no-js\" id=\"wpcf7-f585-o1\" lang=\"en-US\" dir=\"ltr\" data-wpcf7-id=\"585\">\n<div class=\"screen-reader-response\"><p role=\"status\" aria-live=\"polite\" aria-atomic=\"true\"><\/p> <ul><\/ul><\/div>\n<form action=\"\/lt\/wp-json\/wp\/v2\/pages\/303#wpcf7-f585-o1\" method=\"post\" class=\"wpcf7-form init\" aria-label=\"Contact form\" enctype=\"multipart\/form-data\" novalidate=\"novalidate\" data-status=\"init\" data-trp-original-action=\"\/lt\/wp-json\/wp\/v2\/pages\/303#wpcf7-f585-o1\">\n<fieldset class=\"hidden-fields-container\"><input type=\"hidden\" name=\"_wpcf7\" value=\"585\" \/><input type=\"hidden\" name=\"_wpcf7_version\" value=\"6.1.5\" \/><input type=\"hidden\" name=\"_wpcf7_locale\" value=\"en_US\" \/><input type=\"hidden\" name=\"_wpcf7_unit_tag\" value=\"wpcf7-f585-o1\" \/><input type=\"hidden\" name=\"_wpcf7_container_post\" value=\"0\" \/><input type=\"hidden\" name=\"_wpcf7_posted_data_hash\" value=\"\" \/><input type=\"hidden\" name=\"_wpcf7_recaptcha_response\" value=\"\" \/>\n<\/fieldset>\n<div style=\"text-align: left;\">\n\t<p><label>Vardas<\/label><br \/>\n<span class=\"wpcf7-form-control-wrap\" data-name=\"full_name\"><input size=\"40\" maxlength=\"400\" class=\"wpcf7-form-control wpcf7-text wpcf7-validates-as-required\" aria-required=\"true\" aria-invalid=\"false\" value=\"\" type=\"text\" name=\"full_name\" \/><\/span>\n\t<\/p>\n\t<p><label>El. pa\u0161tas<\/label><br \/>\n<span class=\"wpcf7-form-control-wrap\" data-name=\"email\"><input size=\"40\" maxlength=\"400\" class=\"wpcf7-form-control wpcf7-email wpcf7-validates-as-required wpcf7-text wpcf7-validates-as-email\" aria-required=\"true\" aria-invalid=\"false\" value=\"\" type=\"email\" name=\"email\" \/><\/span>\n\t<\/p>\n\t<p><label>J\u016bs\u0173 \u017einut\u0117<\/label><br \/>\n<span class=\"wpcf7-form-control-wrap\" data-name=\"message\"><textarea cols=\"40\" rows=\"10\" maxlength=\"2000\" class=\"wpcf7-form-control wpcf7-textarea wpcf7-validates-as-required\" aria-required=\"true\" aria-invalid=\"false\" name=\"message\"><\/textarea><\/span>\n\t<\/p>\n\t<p><label>CV (PDF \/ .docx)<\/label><br \/>\n<span class=\"wpcf7-form-control-wrap\" data-name=\"cv_file\"><input size=\"40\" class=\"wpcf7-form-control wpcf7-file\" accept=\".pdf,.docx\" aria-invalid=\"false\" type=\"file\" name=\"cv_file\" \/><\/span>\n\t<\/p>\n\t<div style=\"margin-bottom: 10px;\">\n\t\t<p><a href=\"https:\/\/onboarding.paymont.eu\/wp-content\/uploads\/2025\/08\/Privacy_Notice_job_applicants_v2_2024-12-16.pdf\" target=\"_blank\"><br \/>\nPrivacy Notice for Job Applicants<br \/>\n<\/a>\n\t\t<\/p>\n\t<\/div>\n\t<p><input class=\"wpcf7-form-control wpcf7-submit has-spinner\" type=\"submit\" value=\"Si\u0173sti \u017einut\u0119\" \/>\n\t<\/p>\n<\/div><input type='hidden' class='wpcf7-pum' value='{\"closepopup\":false,\"closedelay\":0,\"openpopup\":false,\"openpopup_id\":0}' \/><div class=\"wpcf7-response-output\" aria-hidden=\"true\"><\/div>\n<input type=\"hidden\" name=\"trp-form-language\" value=\"lt\"\/><\/form>\n<\/div>\n<\/div><\/div><\/div><div class=\"wpb_column vc_column_container vc_col-sm-3\"><div class=\"vc_column-inner\"><div class=\"wpb_wrapper\"><\/div><\/div><\/div><\/div><\/div><\/div><\/div><\/div><\/section><div class=\"vc_row-full-width vc_clearfix\"><\/div>","protected":false},"excerpt":{"rendered":"We are searching for talented people who will help us with our goal of making payments more accessible to all businesses. We are always searching for talented people to join our growing international team. Every one of our team-members can [...]","protected":false},"author":2,"featured_media":0,"parent":0,"menu_order":0,"comment_status":"closed","ping_status":"closed","template":"","meta":{"_acf_changed":false,"footnotes":""},"class_list":["post-303","page","type-page","status-publish","hentry"],"acf":[],"_links":{"self":[{"href":"https:\/\/onboarding.paymont.eu\/lt\/wp-json\/wp\/v2\/pages\/303","targetHints":{"allow":["GET"]}}],"collection":[{"href":"https:\/\/onboarding.paymont.eu\/lt\/wp-json\/wp\/v2\/pages"}],"about":[{"href":"https:\/\/onboarding.paymont.eu\/lt\/wp-json\/wp\/v2\/types\/page"}],"author":[{"embeddable":true,"href":"https:\/\/onboarding.paymont.eu\/lt\/wp-json\/wp\/v2\/users\/2"}],"replies":[{"embeddable":true,"href":"https:\/\/onboarding.paymont.eu\/lt\/wp-json\/wp\/v2\/comments?post=303"}],"version-history":[{"count":86,"href":"https:\/\/onboarding.paymont.eu\/lt\/wp-json\/wp\/v2\/pages\/303\/revisions"}],"predecessor-version":[{"id":1586,"href":"https:\/\/onboarding.paymont.eu\/lt\/wp-json\/wp\/v2\/pages\/303\/revisions\/1586"}],"wp:attachment":[{"href":"https:\/\/onboarding.paymont.eu\/lt\/wp-json\/wp\/v2\/media?parent=303"}],"curies":[{"name":"wp","href":"https:\/\/api.w.org\/{rel}","templated":true}]}}