{"id":305,"date":"2021-08-16T16:05:53","date_gmt":"2021-08-16T16:05:53","guid":{"rendered":"https:\/\/onboarding.paymont.eu\/?page_id=305"},"modified":"2024-08-28T09:18:40","modified_gmt":"2024-08-28T09:18:40","slug":"products","status":"publish","type":"page","link":"https:\/\/onboarding.paymont.eu\/lt\/products\/","title":{"rendered":"Paslaugos"},"content":{"rendered":"<section class=\"vc_section\"><div class=\"vc_row wpb_row vc_row-fluid pm-container vc_custom_1632310310607\" ><div class=\"wpb_column vc_column_container vc_col-sm-12\"><div class=\"vc_column-inner\"><div class=\"wpb_wrapper\">\n\t<div class=\"wpb_text_column wpb_content_element  pm-text_extrabig text-black\" >\n\t\t<div class=\"wpb_wrapper\">\n\t\t\t\n\t\t<\/div>\n\t<\/div>\n<div class=\"vc_empty_space\" id=\"services_tabs\"  style=\"height: 60px\"><span class=\"vc_empty_space_inner\"><\/span><\/div><div class=\"mkdf-tabs pm-tabs mkdf-tabs-vertical\">\n\t<ul class=\"mkdf-tabs-nav clearfix\">\n\t\t\t\t\t<li>\n\t\t\t\t\t\t\t\t\t<a href=\"#tab-payment-account-for-trust-fund\">Patikos fond\u0173 mok\u0117jimo s\u0105skaitos<\/a>\n\t\t\t\t\t\t\t<\/li>\n\t\t\t\t\t<li>\n\t\t\t\t\t\t\t\t\t<a href=\"#tab-payment-account\">Mok\u0117jimo s\u0105skaita<\/a>\n\t\t\t\t\t\t\t<\/li>\n\t\t\t\t\t<li>\n\t\t\t\t\t\t\t\t\t<a href=\"#tab-foreign-exchange\">Valiutos keitimas<\/a>\n\t\t\t\t\t\t\t<\/li>\n\t\t\t\t\t<li>\n\t\t\t\t\t\t\t\t\t<a href=\"#tab-open-banking\">Atviroji bankininkyst\u0117<\/a>\n\t\t\t\t\t\t\t<\/li>\n\t\t\t<\/ul>\n\t<div class=\"mkdf-tab-container\" id=\"tab-payment-account-for-trust-fund-293\">\n    <div class=\"inner\">\n                <h2 class=\"mkdf-tab-title\">\n            Patikos fond\u0173 mok\u0117jimo s\u0105skaitos        <\/h2>\n            <div class=\"mkdf-tab-content-holder\">\n        <div class=\"mkdf-tab-content\">\n            \n\t<div class=\"wpb_text_column wpb_content_element\" >\n\t\t<div class=\"wpb_wrapper\">\n\t\t\t<p>Nesvarbu, ar steigiate patikos fond\u0105 savo artim\u0173j\u0173 poreikiams, ar esate profesionalus patik\u0117tinis, nedvejodami susisiekite su mumis ir atidarykite s\u0105skait\u0105.<\/p>\n<h4><strong>You can TRUST us<\/strong><\/h4>\n<h5><strong>Kod\u0117l verta atidaryti patik\u0117jimo fondo s\u0105skait\u0105 su PAYMONT<\/strong><\/h5>\n<p><strong><img loading=\"lazy\" decoding=\"async\" class=\"alignleft wp-image-1292\" src=\"https:\/\/onboarding.paymont.eu\/wp-content\/uploads\/2024\/02\/duveryhodnost-300x251.png\" alt=\"\" width=\"70\" height=\"59\" srcset=\"https:\/\/onboarding.paymont.eu\/wp-content\/uploads\/2024\/02\/duveryhodnost-300x251.png 300w, https:\/\/onboarding.paymont.eu\/wp-content\/uploads\/2024\/02\/duveryhodnost-768x644.png 768w, https:\/\/onboarding.paymont.eu\/wp-content\/uploads\/2024\/02\/duveryhodnost-14x12.png 14w, https:\/\/onboarding.paymont.eu\/wp-content\/uploads\/2024\/02\/duveryhodnost.png 940w\" sizes=\"auto, (max-width: 70px) 100vw, 70px\" \/>KREDIBILUMAS - <\/strong>esame \u010cekijos ir Slovakijos <a href=\"https:\/\/onboarding.paymont.eu\/lt\/about-us\/\">akcinink\u0173 bendrov\u0117<\/a> , kuri \u010cekijos rinkoje veikia jau daugiau nei 20 met\u0173<\/p>\n<p>&nbsp;<\/p>\n<p><strong><img loading=\"lazy\" decoding=\"async\" class=\"alignleft wp-image-1293\" src=\"https:\/\/onboarding.paymont.eu\/wp-content\/uploads\/2024\/02\/bezpecnost-300x251.png\" alt=\"\" width=\"70\" height=\"59\" srcset=\"https:\/\/onboarding.paymont.eu\/wp-content\/uploads\/2024\/02\/bezpecnost-300x251.png 300w, https:\/\/onboarding.paymont.eu\/wp-content\/uploads\/2024\/02\/bezpecnost-768x644.png 768w, https:\/\/onboarding.paymont.eu\/wp-content\/uploads\/2024\/02\/bezpecnost-14x12.png 14w, https:\/\/onboarding.paymont.eu\/wp-content\/uploads\/2024\/02\/bezpecnost.png 940w\" sizes=\"auto, (max-width: 70px) 100vw, 70px\" \/>SAFETY -<\/strong> J\u016bs\u0173 pinigai visada kruop\u0161\u010diai saugomi, laikomi saugiose s\u0105skaitose patikimose skolinimo \u012fstaigose<\/p>\n<p>&nbsp;<\/p>\n<p><strong><img loading=\"lazy\" decoding=\"async\" class=\"alignleft wp-image-1294\" src=\"https:\/\/onboarding.paymont.eu\/wp-content\/uploads\/2024\/02\/jednoduchost-300x251.png\" alt=\"\" width=\"70\" height=\"59\" srcset=\"https:\/\/onboarding.paymont.eu\/wp-content\/uploads\/2024\/02\/jednoduchost-300x251.png 300w, https:\/\/onboarding.paymont.eu\/wp-content\/uploads\/2024\/02\/jednoduchost-768x644.png 768w, https:\/\/onboarding.paymont.eu\/wp-content\/uploads\/2024\/02\/jednoduchost-14x12.png 14w, https:\/\/onboarding.paymont.eu\/wp-content\/uploads\/2024\/02\/jednoduchost.png 940w\" sizes=\"auto, (max-width: 70px) 100vw, 70px\" \/>PAPRASTUMAS -<\/strong> Sukurkite savo patikos fondo paskyr\u0105 internete, si\u0173sdami reikiamus dokumentus el. pa\u0161tu ir patvirtinkite tapatyb\u0119 per \"Ondato\" internetin\u0119 patikros paslaug\u0105. Mes u\u017etikrinsime visas kitas proced\u016bras<\/p>\n<p>&nbsp;<\/p>\n<p><strong><img loading=\"lazy\" decoding=\"async\" class=\"alignleft wp-image-1295\" src=\"https:\/\/onboarding.paymont.eu\/wp-content\/uploads\/2024\/02\/rychlost-300x251.png\" alt=\"\" width=\"70\" height=\"59\" srcset=\"https:\/\/onboarding.paymont.eu\/wp-content\/uploads\/2024\/02\/rychlost-300x251.png 300w, https:\/\/onboarding.paymont.eu\/wp-content\/uploads\/2024\/02\/rychlost-768x644.png 768w, https:\/\/onboarding.paymont.eu\/wp-content\/uploads\/2024\/02\/rychlost-14x12.png 14w, https:\/\/onboarding.paymont.eu\/wp-content\/uploads\/2024\/02\/rychlost.png 940w\" sizes=\"auto, (max-width: 70px) 100vw, 70px\" \/>GREITIS IR LANKSTUMAS -<\/strong> Jei nesulaukiate s\u0105skaitos atidarymo banko arba pra\u0161ymas buvo atmestas, susisiekite su mumis. Mes atidarysime s\u0105skait\u0105 per savait\u0119 nuo dokument\u0173 pateikimo<\/p>\n<p>&nbsp;<\/p>\n<p><strong><img loading=\"lazy\" decoding=\"async\" class=\"alignleft wp-image-1296\" src=\"https:\/\/onboarding.paymont.eu\/wp-content\/uploads\/2024\/02\/osobni-pristup-300x251.png\" alt=\"\" width=\"70\" height=\"59\" srcset=\"https:\/\/onboarding.paymont.eu\/wp-content\/uploads\/2024\/02\/osobni-pristup-300x251.png 300w, https:\/\/onboarding.paymont.eu\/wp-content\/uploads\/2024\/02\/osobni-pristup-768x644.png 768w, https:\/\/onboarding.paymont.eu\/wp-content\/uploads\/2024\/02\/osobni-pristup-14x12.png 14w, https:\/\/onboarding.paymont.eu\/wp-content\/uploads\/2024\/02\/osobni-pristup.png 940w\" sizes=\"auto, (max-width: 70px) 100vw, 70px\" \/>ASMENIN\u0116 PRIEIGA -<\/strong> jei turite klausim\u0173, nedvejodami kreipkit\u0117s \u012f m\u016bs\u0173 pardavim\u0173 atstovus (<a href=\"mailto:info@paymont.eu\">info@paymont.eu<\/a>, +370 617 41 54, Ukmerg\u0117s g. 126,\nVilnius, Lithuania)<\/p>\n<p>&nbsp;<\/p>\n<p><strong><img loading=\"lazy\" decoding=\"async\" class=\"alignleft wp-image-1297\" src=\"https:\/\/onboarding.paymont.eu\/wp-content\/uploads\/2024\/02\/praktik-300x251.png\" alt=\"\" width=\"70\" height=\"59\" srcset=\"https:\/\/onboarding.paymont.eu\/wp-content\/uploads\/2024\/02\/praktik-300x251.png 300w, https:\/\/onboarding.paymont.eu\/wp-content\/uploads\/2024\/02\/praktik-768x644.png 768w, https:\/\/onboarding.paymont.eu\/wp-content\/uploads\/2024\/02\/praktik-14x12.png 14w, https:\/\/onboarding.paymont.eu\/wp-content\/uploads\/2024\/02\/praktik.png 940w\" sizes=\"auto, (max-width: 70px) 100vw, 70px\" \/>PRAKTI\u0160KUMAS -<\/strong> gauti ir si\u0173sti CZK ir EUR (SEPA) mok\u0117jimus i\u0161 vienos keli\u0173 valiut\u0173 s\u0105skaitos ir prireikus keisti vien\u0105 valiut\u0105 \u012f kit\u0105 palankiu kursu<\/p>\n<p>&nbsp;<\/p>\n<p><strong><img loading=\"lazy\" decoding=\"async\" class=\"alignleft wp-image-1298\" src=\"https:\/\/onboarding.paymont.eu\/wp-content\/uploads\/2024\/02\/transpa-300x251.png\" alt=\"\" width=\"70\" height=\"58\" srcset=\"https:\/\/onboarding.paymont.eu\/wp-content\/uploads\/2024\/02\/transpa-300x251.png 300w, https:\/\/onboarding.paymont.eu\/wp-content\/uploads\/2024\/02\/transpa-768x644.png 768w, https:\/\/onboarding.paymont.eu\/wp-content\/uploads\/2024\/02\/transpa-14x12.png 14w, https:\/\/onboarding.paymont.eu\/wp-content\/uploads\/2024\/02\/transpa.png 940w\" sizes=\"auto, (max-width: 70px) 100vw, 70px\" \/>TRANSPARENCIJA -<\/strong> visk\u0105 jums ai\u0161kiai atskleid\u017eiame, toliau galite su\u017einoti, kiek jums kainuos atidaryti ir tvarkyti s\u0105skait\u0105 ir ko reik\u0117s, kad j\u0105 atidarytum\u0117te<\/p>\n<p>&nbsp;<\/p>\n<h5><strong>Ko mums reik\u0117s i\u0161 j\u016bs\u0173<\/strong><\/h5>\n<ul>\n<li>U\u017epildyta KYC (Know Your Client) forma<\/li>\n<li>Patikos fondo registro nevie\u0161os dalies i\u0161ra\u0161as<\/li>\n<li>Patikos fondo statutas<\/li>\n<li>Organigrama, kurioje nurodomi patikos fondo ry\u0161iai su kitais asmenimis (steig\u0117ju, patik\u0117tiniu, patik\u0117tiniais, glob\u0117ju ar kitais asmenimis)<\/li>\n<li>Dokumentas, patvirtinantis patik\u0117tinio \u012fgaliojim\u0173 administruoti patikos fond\u0105 pri\u0117mim\u0105<\/li>\n<li>Steig\u0117jo, naudos gav\u0117j\u0173, patik\u0117tinio ir saugotojo (jei paskirtas) tapatyb\u0117s patikrinimas naudojantis \"Ondato\" internetine tikrinimo paslauga<\/li>\n<li>Dokumentai, \u012frodantys steig\u0117jo ar kito asmens, kuris \u012fne\u0161\u0117 l\u0117\u0161as \u012f patikos fond\u0105, l\u0117\u0161\u0173 kilm\u0119, jei jos vir\u0161ija 25 000 CZK<\/li>\n<\/ul>\n<h5><strong>Kiek jums tai kainuos<\/strong><\/h5>\n<table>\n<tbody>\n<tr>\n<td style=\"text-align: left;\">Parai\u0161kos tvarkymo mokestis<\/td>\n<td style=\"text-align: left;\">2500 CZK \/ 100 EUR<\/td>\n<\/tr>\n<tr>\n<td style=\"text-align: left;\">S\u0105skaitos prie\u017ei\u016bros mokestis \/ m\u0117n.<\/td>\n<td style=\"text-align: left;\">1250 CZK \/ 50 EUR<\/td>\n<\/tr>\n<tr>\n<td style=\"text-align: left;\">Pervedimai PAYMONT UAB viduje<\/td>\n<td style=\"text-align: left;\">Nemokamai<\/td>\n<\/tr>\n<tr>\n<td style=\"text-align: left;\">\u012eeinantis mok\u0117jimas CZK<\/td>\n<td style=\"text-align: left;\">Nemokamai<\/td>\n<\/tr>\n<tr>\n<td style=\"text-align: left;\">\u012eeinantis SEPA pervedimas (EUR)<\/td>\n<td style=\"text-align: left;\">Nemokamai<\/td>\n<\/tr>\n<tr>\n<td style=\"text-align: left;\">I\u0161einantis mok\u0117jimas CZK (\u010cekijoje)<\/td>\n<td style=\"text-align: left;\">2 CZK \/ 0,1 EUR<\/td>\n<\/tr>\n<tr>\n<td style=\"text-align: left;\">I\u0161einantis SEPA pervedimas (EUR)<\/td>\n<td style=\"text-align: left;\">2 CZK \/ 0,1 EUR<\/td>\n<\/tr>\n<tr>\n<td style=\"text-align: left;\">\u012eeinantys tarptautiniai mok\u0117jimai u\u017e SEPA rib\u0173 (SHA)<\/td>\n<td style=\"text-align: left;\">Nemokamai<\/td>\n<\/tr>\n<tr>\n<td style=\"text-align: left;\">I\u0161einantis mok\u0117jimas neatitinka s\u0105lyg\u0173 po SEPA mok\u0117jimo (SHA)<\/td>\n<td style=\"text-align: left;\">190 CZK \/ 8 EUR<\/td>\n<\/tr>\n<\/tbody>\n<\/table>\n<p>&nbsp;<\/p>\n<p><em>Sud\u0117tingesni\u0173 strukt\u016br\u0173 ir sud\u0117tingesni\u0173 KYC ir (arba) AML reikalavim\u0173 atveju d\u0117l tarifo galima der\u0117tis individualiai.<\/em><\/p>\n\n\t\t<\/div>\n\t<\/div>\n\n\t<div  class=\"wpb_single_image wpb_content_element vc_align_left   service-logo\">\n\t\t\n\t\t<figure class=\"wpb_wrapper vc_figure\">\n\t\t\t<div class=\"vc_single_image-wrapper   vc_box_border_grey\"><img loading=\"lazy\" decoding=\"async\" width=\"300\" height=\"251\" src=\"https:\/\/onboarding.paymont.eu\/wp-content\/uploads\/2024\/02\/Trust-funds-300x251.png\" class=\"vc_single_image-img attachment-medium\" alt=\"\" srcset=\"https:\/\/onboarding.paymont.eu\/wp-content\/uploads\/2024\/02\/Trust-funds-300x251.png 300w, https:\/\/onboarding.paymont.eu\/wp-content\/uploads\/2024\/02\/Trust-funds-768x644.png 768w, https:\/\/onboarding.paymont.eu\/wp-content\/uploads\/2024\/02\/Trust-funds-14x12.png 14w, https:\/\/onboarding.paymont.eu\/wp-content\/uploads\/2024\/02\/Trust-funds.png 940w\" sizes=\"auto, (max-width: 300px) 100vw, 300px\" \/><\/div>\n\t\t<\/figure>\n\t<\/div>\n        <\/div>\n        <div class=\"mkdf-tab-image\">\n                    <\/div>\n    <\/div>\n    <\/div>  \n<\/div><div class=\"mkdf-tab-container\" id=\"tab-payment-account-830\">\n    <div class=\"inner\">\n                <h2 class=\"mkdf-tab-title\">\n            Mok\u0117jimo s\u0105skaita        <\/h2>\n            <div class=\"mkdf-tab-content-holder\">\n        <div class=\"mkdf-tab-content\">\n            \n\t<div class=\"wpb_text_column wpb_content_element\" >\n\t\t<div class=\"wpb_wrapper\">\n\t\t\t<h5>Kelios valiutos<\/h5>\n<ul>\n<li>Atsidarykite s\u0105skait\u0105 su keliomis valiutomis: eurais, svarais sterling\u0173, \u010cekijos kronomis<\/li>\n<li>Valdykite kelias valiutas vienoje s\u0105skaitoje<\/li>\n<\/ul>\n<h5>Greita registracija<\/h5>\n<ul>\n<li>Nuotolinis s\u0105skaitos atidarymas<\/li>\n<li>Paprasta registracijos forma (prireiks tik 10 minu\u010di\u0173)<\/li>\n<li>Individualizuotas po\u017ei\u016bris (individuali registracijos formos per\u017ei\u016bra)<\/li>\n<li>M\u016bs\u0173 komandos pagalba i\u0161kilus klausimams<\/li>\n<\/ul>\n<h5>Mok\u0117jimai<\/h5>\n<ul>\n<li>Vietiniai mok\u0117jimai per SEPA ir TARGET<\/li>\n<li>Eur\u0173 i\u0161mok\u0117jimai \u012f 150+ tarptautini\u0173 valiut\u0173 per SWIFT<\/li>\n<li>Fiksuota SEPA pervedim\u0173 kaina<\/li>\n<li>Nemokami pervedimai tarp \u201ePaymont\u201c s\u0105skait\u0173<\/li>\n<\/ul>\n<h5>Internetin\u0117 bankininkyst\u0117<\/h5>\n<ul>\n<li>Intuityvus internetin\u0117s bankininkyst\u0117s valdymas<\/li>\n<li>24\/7 prieiga prie internetin\u0117s bankininkyst\u0117s<\/li>\n<li>Mok\u0117jimo s\u0105skaitos valdymo galimyb\u0117s\n<ul>\n<li>Verslo partneri\u0173 prieiga prie s\u0105skaitos<\/li>\n<li>S\u0105skaitos valdymo taisykli\u0173 nustatymas ir kontrol\u0117 atskiriems naudotojams<\/li>\n<\/ul>\n<\/li>\n<\/ul>\n<h5>Unikalus mok\u0117jimo s\u0105skaitos numeris<\/h5>\n<ul>\n<li>Atlikite mok\u0117jimus naudodamiesi unikaliu, tik jums priklausan\u010diu mok\u0117jimo s\u0105skaitos numeriu<\/li>\n<\/ul>\n<h5>Saugumas<\/h5>\n<ul>\n<li>Dviej\u0173 \u017eingsni\u0173 verifikacija, apsauganti j\u016bs\u0173 l\u0117\u0161as<\/li>\n<li>\u0160imtaprocentin\u0117 l\u0117\u0161\u0173 apsauga \u2013 j\u016bs\u0173 pinigai yra saugomi patikimoje kredito institucijoje<\/li>\n<\/ul>\n\n\t\t<\/div>\n\t<\/div>\n\n\t<div  class=\"wpb_single_image wpb_content_element vc_align_left   service-logo\">\n\t\t\n\t\t<figure class=\"wpb_wrapper vc_figure\">\n\t\t\t<div class=\"vc_single_image-wrapper   vc_box_border_grey\"><img loading=\"lazy\" decoding=\"async\" width=\"1\" height=\"1\" src=\"https:\/\/onboarding.paymont.eu\/wp-content\/uploads\/2021\/08\/icon_multicurrency.svg\" class=\"vc_single_image-img attachment-medium\" alt=\"\" \/><\/div>\n\t\t<\/figure>\n\t<\/div>\n<div class=\"vc_empty_space\"   style=\"height: 32px\"><span class=\"vc_empty_space_inner\"><\/span><\/div>        <\/div>\n        <div class=\"mkdf-tab-image\">\n                    <\/div>\n    <\/div>\n    <\/div>  \n<\/div><div class=\"mkdf-tab-container\" id=\"tab-foreign-exchange-570\">\n    <div class=\"inner\">\n                <h2 class=\"mkdf-tab-title\">\n            Valiutos keitimas        <\/h2>\n            <div class=\"mkdf-tab-content-holder\">\n        <div class=\"mkdf-tab-content\">\n            \n\t<div class=\"wpb_text_column wpb_content_element\" >\n\t\t<div class=\"wpb_wrapper\">\n\t\t\t<ul>\n<li>Valiutos keitimas realiu laiku<\/li>\n<li>Konkurencinga kaina<\/li>\n<li>\u012e klient\u0105 orientuota sistema<\/li>\n<\/ul>\n\n\t\t<\/div>\n\t<\/div>\n\n\t<div  class=\"wpb_single_image wpb_content_element vc_align_left   service-logo\">\n\t\t\n\t\t<figure class=\"wpb_wrapper vc_figure\">\n\t\t\t<div class=\"vc_single_image-wrapper   vc_box_border_grey\"><img loading=\"lazy\" decoding=\"async\" width=\"1\" height=\"1\" src=\"https:\/\/onboarding.paymont.eu\/wp-content\/uploads\/2021\/08\/icon_foreign.svg\" class=\"vc_single_image-img attachment-medium\" alt=\"\" \/><\/div>\n\t\t<\/figure>\n\t<\/div>\n        <\/div>\n        <div class=\"mkdf-tab-image\">\n                    <\/div>\n    <\/div>\n    <\/div>  \n<\/div><div class=\"mkdf-tab-container\" id=\"tab-open-banking-42\">\n    <div class=\"inner\">\n                <h2 class=\"mkdf-tab-title\">\n            Atviroji bankininkyst\u0117        <\/h2>\n            <div class=\"mkdf-tab-content-holder\">\n        <div class=\"mkdf-tab-content\">\n            \n\t<div class=\"wpb_text_column wpb_content_element\" >\n\t\t<div class=\"wpb_wrapper\">\n\t\t\t<ul>\n<li><a href=\"https:\/\/onboarding.paymont.eu\/wp-content\/uploads\/2022\/04\/Paymont_API-PSD2-by-OBS-Documentation-for-TPP_EN.pdf\">Atviras API tre\u010di\u0173j\u0173 \u0161ali\u0173 partneriams<\/a><\/li>\n<li>Paprasta ir greita integracija<\/li>\n<li>PSD2 standartai<\/li>\n<\/ul>\n\n\t\t<\/div>\n\t<\/div>\n\n\t<div  class=\"wpb_single_image wpb_content_element vc_align_left   service-logo\">\n\t\t\n\t\t<figure class=\"wpb_wrapper vc_figure\">\n\t\t\t<div class=\"vc_single_image-wrapper   vc_box_border_grey\"><img loading=\"lazy\" decoding=\"async\" width=\"1\" height=\"1\" src=\"https:\/\/onboarding.paymont.eu\/wp-content\/uploads\/2021\/08\/icon_open.svg\" class=\"vc_single_image-img attachment-medium\" alt=\"\" \/><\/div>\n\t\t<\/figure>\n\t<\/div>\n        <\/div>\n        <div class=\"mkdf-tab-image\">\n                    <\/div>\n    <\/div>\n    <\/div>  \n<\/div><\/div><\/div><\/div><\/div><\/div><\/section><section data-vc-full-width=\"true\" data-vc-full-width-init=\"false\" class=\"vc_section vc_custom_1631089655330 vc_section-has-fill\"><div class=\"vc_row wpb_row vc_row-fluid pm-container\" ><div class=\"wpb_column vc_column_container vc_col-sm-12\"><div class=\"vc_column-inner\"><div class=\"wpb_wrapper\"><h2 style=\"color: #0a0a0a;text-align: center\" class=\"vc_custom_heading\" >Turite klausim\u0173?<\/h2><div class=\"vc_empty_space\"   style=\"height: 32px\"><span class=\"vc_empty_space_inner\"><\/span><\/div><div class=\"vc_row wpb_row vc_inner vc_row-fluid\" ><div class=\"wpb_column vc_column_container vc_col-sm-3\"><div class=\"vc_column-inner\"><div class=\"wpb_wrapper\"><\/div><\/div><\/div><div class=\"wpb_column vc_column_container vc_col-sm-6\"><div class=\"vc_column-inner\"><div class=\"wpb_wrapper\">\n<div class=\"wpcf7 no-js\" id=\"wpcf7-f74-o1\" lang=\"en-US\" dir=\"ltr\" data-wpcf7-id=\"74\">\n<div class=\"screen-reader-response\"><p role=\"status\" aria-live=\"polite\" aria-atomic=\"true\"><\/p> <ul><\/ul><\/div>\n<form action=\"\/lt\/wp-json\/wp\/v2\/pages\/305#wpcf7-f74-o1\" method=\"post\" class=\"wpcf7-form init\" aria-label=\"Contact form\" novalidate=\"novalidate\" data-status=\"init\" data-trp-original-action=\"\/lt\/wp-json\/wp\/v2\/pages\/305#wpcf7-f74-o1\">\n<fieldset class=\"hidden-fields-container\"><input type=\"hidden\" name=\"_wpcf7\" value=\"74\" \/><input type=\"hidden\" name=\"_wpcf7_version\" value=\"6.1.5\" \/><input type=\"hidden\" name=\"_wpcf7_locale\" value=\"en_US\" \/><input type=\"hidden\" name=\"_wpcf7_unit_tag\" value=\"wpcf7-f74-o1\" \/><input type=\"hidden\" name=\"_wpcf7_container_post\" value=\"0\" \/><input type=\"hidden\" name=\"_wpcf7_posted_data_hash\" value=\"\" \/><input type=\"hidden\" name=\"_wpcf7_recaptcha_response\" value=\"\" \/>\n<\/fieldset>\n<p><label>Vardas<\/label><br \/>\n<span class=\"wpcf7-form-control-wrap\" data-name=\"full_name\"><input size=\"40\" maxlength=\"400\" class=\"wpcf7-form-control wpcf7-text wpcf7-validates-as-required\" aria-required=\"true\" aria-invalid=\"false\" value=\"\" type=\"text\" name=\"full_name\" \/><\/span>\n<\/p>\n<p><label>El. pa\u0161tas<\/label><br \/>\n<span class=\"wpcf7-form-control-wrap\" data-name=\"email\"><input size=\"40\" maxlength=\"400\" class=\"wpcf7-form-control wpcf7-email wpcf7-validates-as-required wpcf7-text wpcf7-validates-as-email\" aria-required=\"true\" aria-invalid=\"false\" value=\"\" type=\"email\" name=\"email\" \/><\/span>\n<\/p>\n<p><label>J\u016bs\u0173 \u017einut\u0117 <\/label><br \/>\n<span class=\"wpcf7-form-control-wrap\" data-name=\"message\"><textarea cols=\"40\" rows=\"10\" maxlength=\"2000\" class=\"wpcf7-form-control wpcf7-textarea wpcf7-validates-as-required\" aria-required=\"true\" aria-invalid=\"false\" name=\"message\"><\/textarea><\/span>\n<\/p>\n<p><input class=\"wpcf7-form-control wpcf7-submit has-spinner\" type=\"submit\" value=\"Si\u0173sti \u017einut\u0119\" \/>\n<\/p><input type='hidden' class='wpcf7-pum' value='{\"closepopup\":false,\"closedelay\":0,\"openpopup\":false,\"openpopup_id\":0}' \/><div class=\"wpcf7-response-output\" aria-hidden=\"true\"><\/div>\n<input type=\"hidden\" name=\"trp-form-language\" value=\"lt\"\/><\/form>\n<\/div>\n<\/div><\/div><\/div><div class=\"wpb_column vc_column_container vc_col-sm-3\"><div class=\"vc_column-inner\"><div class=\"wpb_wrapper\"><\/div><\/div><\/div><\/div><\/div><\/div><\/div><\/div><\/section><div class=\"vc_row-full-width vc_clearfix\"><\/div>","protected":false},"excerpt":{"rendered":"Payment account for trust fund Payment account Foreign exchange Open banking Payment account for trust fund Whether you're establishing a trust for your loved ones' needs or are a professional trustee, feel free to contact us to open an account. [...]","protected":false},"author":2,"featured_media":0,"parent":0,"menu_order":0,"comment_status":"closed","ping_status":"closed","template":"","meta":{"_acf_changed":false,"footnotes":""},"class_list":["post-305","page","type-page","status-publish","hentry"],"acf":[],"_links":{"self":[{"href":"https:\/\/onboarding.paymont.eu\/lt\/wp-json\/wp\/v2\/pages\/305","targetHints":{"allow":["GET"]}}],"collection":[{"href":"https:\/\/onboarding.paymont.eu\/lt\/wp-json\/wp\/v2\/pages"}],"about":[{"href":"https:\/\/onboarding.paymont.eu\/lt\/wp-json\/wp\/v2\/types\/page"}],"author":[{"embeddable":true,"href":"https:\/\/onboarding.paymont.eu\/lt\/wp-json\/wp\/v2\/users\/2"}],"replies":[{"embeddable":true,"href":"https:\/\/onboarding.paymont.eu\/lt\/wp-json\/wp\/v2\/comments?post=305"}],"version-history":[{"count":67,"href":"https:\/\/onboarding.paymont.eu\/lt\/wp-json\/wp\/v2\/pages\/305\/revisions"}],"predecessor-version":[{"id":1408,"href":"https:\/\/onboarding.paymont.eu\/lt\/wp-json\/wp\/v2\/pages\/305\/revisions\/1408"}],"wp:attachment":[{"href":"https:\/\/onboarding.paymont.eu\/lt\/wp-json\/wp\/v2\/media?parent=305"}],"curies":[{"name":"wp","href":"https:\/\/api.w.org\/{rel}","templated":true}]}}