{"id":322,"date":"2021-08-22T12:16:10","date_gmt":"2021-08-22T12:16:10","guid":{"rendered":"https:\/\/onboarding.paymont.eu\/?page_id=322"},"modified":"2026-02-10T10:42:48","modified_gmt":"2026-02-10T10:42:48","slug":"home","status":"publish","type":"page","link":"https:\/\/onboarding.paymont.eu\/lt\/","title":{"rendered":"Pagrindinis puslapis"},"content":{"rendered":"<section data-vc-full-width=\"true\" data-vc-full-width-init=\"false\" class=\"vc_section pm-welcome vc_custom_1629636672013 vc_section-has-fill\"><div class=\"vc_row wpb_row vc_row-fluid pm-container\" ><div class=\"wpb_column vc_column_container vc_col-sm-7\"><div class=\"vc_column-inner\"><div class=\"wpb_wrapper\"><h1 style=\"color: #0a0a0a;text-align: left\" class=\"vc_custom_heading\" >Profesionalios<br \/>\n<strong>mok\u0117jim\u0173 paslaugos<\/strong><\/h1><div class=\"vc_empty_space  vc_custom_1629635554596\"   style=\"height: 5px\"><span class=\"vc_empty_space_inner\"><\/span><\/div>\n\t<div class=\"wpb_text_column wpb_content_element  text-black\" >\n\t\t<div class=\"wpb_wrapper\">\n\t\t\t<p class=\"p1\">Individualiems ir verslo klientams i\u0161 viso pasaulio<span class=\"Apple-converted-space\">\u00a0<\/span><\/p>\n\n\t\t<\/div>\n\t<\/div>\n<div class=\"vc_empty_space\"   style=\"height: 40px\"><span class=\"vc_empty_space_inner\"><\/span><\/div><div class=\"vc_btn3-container  btn-shadow vc_btn3-left\" ><a class=\"vc_general vc_btn3 vc_btn3-size-lg vc_btn3-shape-round vc_btn3-style-flat vc_btn3-color-black\" href=\"https:\/\/onboarding.paymont.eu\/lt\/apply-now\/\" title=\"Open Account\" target=\"_blank\">Open Account<\/a><\/div><div class=\"vc_empty_space\"   style=\"height: 10px\"><span class=\"vc_empty_space_inner\"><\/span><\/div>\n\t<div class=\"wpb_text_column wpb_content_element  pm-text grey-link\" >\n\t\t<div class=\"wpb_wrapper\">\n\t\t\t<p><a href=\"#services\">Su\u017einoti daugiau<\/a><\/p>\n\n\t\t<\/div>\n\t<\/div>\n<\/div><\/div><\/div><\/div><\/section><div class=\"vc_row-full-width vc_clearfix\"><\/div><section id=\"services\" class=\"vc_section\"><div class=\"vc_row wpb_row vc_row-fluid pm-container\" ><div class=\"wpb_column vc_column_container vc_col-sm-12\"><div class=\"vc_column-inner\"><div class=\"wpb_wrapper\"><h2 style=\"color: #0a0a0a;text-align: center\" class=\"vc_custom_heading translation-block\" >M\u016bs\u0173 <strong>paslaugos<\/strong><\/h2><div class=\"vc_row wpb_row vc_inner vc_row-fluid\" ><div class=\"wpb_column vc_column_container vc_col-sm-3\"><div class=\"vc_column-inner\"><div class=\"wpb_wrapper\"><\/div><\/div><\/div><div class=\"wpb_column vc_column_container vc_col-sm-6\"><div class=\"vc_column-inner\"><div class=\"wpb_wrapper\"><\/div><\/div><\/div><div class=\"wpb_column vc_column_container vc_col-sm-3\"><div class=\"vc_column-inner\"><div class=\"wpb_wrapper\"><\/div><\/div><\/div><\/div><\/div><\/div><\/div><\/div><div class=\"vc_row wpb_row vc_row-fluid pm-container vc_row-o-content-middle vc_row-flex\" ><div class=\"wpb_column vc_column_container vc_col-sm-12\"><div class=\"vc_column-inner\"><div class=\"wpb_wrapper\"><div class=\"vc_empty_space\"   style=\"height: 60px\"><span class=\"vc_empty_space_inner\"><\/span><\/div><div class=\"row pm-services\"><div class=\"col-sm-6 col-md-4 mb-4 mb-lg-5\"><a href=\"\/lt\/products\/?tab=tab-trust-fund\" class=\"pm-service\"><div class=\"pm-service_icon_holder\" style=\"background-image:url(https:\/\/onboarding.paymont.eu\/wp-content\/uploads\/2024\/02\/Trust-funds.png\"><\/div><div class=\"pm-service_title\">Patikos fond\u0173 mok\u0117jimo s\u0105skaitos<\/div><div class=\"pm-service_text\">Atidarykite internetin\u0119 patikos fondo s\u0105skait\u0105<\/div><\/a><\/div><div class=\"col-sm-6 col-md-4 mb-4 mb-lg-5\"><a href=\"\/lt\/products\/?tab=tab-payment-account\" class=\"pm-service\"><div class=\"pm-service_icon_holder\" style=\"background-image:url(https:\/\/onboarding.paymont.eu\/wp-content\/uploads\/2021\/08\/icon_multicurrency.svg\"><\/div><div class=\"pm-service_title\">Daugiavaliut\u0117 mok\u0117jimo s\u0105skaita <\/div><div class=\"pm-service_text\">Greiti, saug\u016bs ir pig\u016bs tarptautiniai mok\u0117jimai<\/div><\/a><\/div><div class=\"col-sm-6 col-md-4 mb-4 mb-lg-5\"><a href=\"\/lt\/products\/?tab=tab-trust-fund\" class=\"pm-service\"><div class=\"pm-service_icon_holder\" style=\"background-image:url(https:\/\/onboarding.paymont.eu\/wp-content\/uploads\/2022\/10\/card-id.svg\"><\/div><div class=\"pm-service_title\">\u0160iuolaikinis nuotolinis registravimas<\/div><div class=\"pm-service_text\">\u0160iuolaiki\u0161kas, efektyvus online klient\u0173 registravimo procesas.<\/div><\/a><\/div><div class=\"col-sm-6 col-md-4 mb-4 mb-lg-5\"><a href=\"\/lt\/products\/?tab=tab-foreign\" class=\"pm-service\"><div class=\"pm-service_icon_holder\" style=\"background-image:url(https:\/\/onboarding.paymont.eu\/wp-content\/uploads\/2021\/08\/icon_foreign.svg\"><\/div><div class=\"pm-service_title\">Valiutos keitimas<\/div><div class=\"pm-service_text\">Greitas valiutos keitimas be joki\u0173 pasl\u0117pt\u0173 mokes\u010di\u0173<\/div><\/a><\/div><div class=\"col-sm-6 col-md-4 mb-4 mb-lg-5\"><a href=\"\/lt\/products\/?tab=tab-payment-account\" class=\"pm-service\"><div class=\"pm-service_icon_holder\" style=\"background-image:url(https:\/\/onboarding.paymont.eu\/wp-content\/uploads\/2021\/08\/icon_sepa.svg\"><\/div><div class=\"pm-service_title\">SEPA ir SWIFT pervedimai<\/div><div class=\"pm-service_text\">Greiti ir prieinami mok\u0117jimai eurais bei kitomis valiutomis \u012fskaitant svarus sterling\u0173 ir \u010cekijos kronas<\/div><\/a><\/div><div class=\"col-sm-6 col-md-4 mb-4 mb-lg-5\"><a href=\"\/lt\/products\/?tab=tab-open\" class=\"pm-service\"><div class=\"pm-service_icon_holder\" style=\"background-image:url(https:\/\/onboarding.paymont.eu\/wp-content\/uploads\/2021\/08\/icon_open.svg\"><\/div><div class=\"pm-service_title\">Atviroji bankininkyt\u0117<\/div><div class=\"pm-service_text\">Atviras API, suteikiantis galimyb\u0119 tre\u010diosios \u0161alies teik\u0117jams si\u016blyti reikalingas paslaugas<\/div><\/a><\/div><div class=\"col-sm-6 col-md-4 mb-4 mb-lg-5\"><a href=\"\/lt\/products\/?tab=tab-payment-account\" class=\"pm-service\"><div class=\"pm-service_icon_holder\" style=\"background-image:url(https:\/\/onboarding.paymont.eu\/wp-content\/uploads\/2021\/08\/icon_ibans.svg\"><\/div><div class=\"pm-service_title\">IBAN mok\u0117jimo s\u0105skaitos numeriai ES<\/div><div class=\"pm-service_text\">Pasiekite klientus visame pasaulyje naudodami ES registruotus, IBAN formato mok\u0117jimo s\u0105skaitos numerius.<\/div><\/a><\/div><\/div><\/div><\/div><\/div><\/div><\/section><section id=\"about\" data-vc-full-width=\"true\" data-vc-full-width-init=\"false\" class=\"vc_section vc_custom_1629647544357 vc_section-has-fill\"><div class=\"vc_row wpb_row vc_row-fluid pm-container\" ><div class=\"wpb_column vc_column_container vc_col-sm-12\"><div class=\"vc_column-inner\"><div class=\"wpb_wrapper\"><h2 style=\"color: #0a0a0a;text-align: center\" class=\"vc_custom_heading translation-block\" >Apie <strong>Paymont<\/strong><\/h2><div class=\"vc_row wpb_row vc_inner vc_row-fluid\" ><div class=\"wpb_column vc_column_container vc_col-sm-2\"><div class=\"vc_column-inner\"><div class=\"wpb_wrapper\"><\/div><\/div><\/div><div class=\"wpb_column vc_column_container vc_col-sm-8\"><div class=\"vc_column-inner\"><div class=\"wpb_wrapper\">\n\t<div class=\"wpb_text_column wpb_content_element  pm-text pm-text_justify\" >\n\t\t<div class=\"wpb_wrapper\">\n\t\t\t<p>UAB PAYMONT \u2013 2020 metais \u012fkurta Elektronini\u0173 pinig\u0173 mok\u0117jim\u0173 institucija. Jos veikl\u0105 pri\u017ei\u016bri Lietuvos bankas pagal i\u0161duot\u0105 licencij\u0105 (licencijos nr. 80), suteikian\u010dia galimyb\u0119 si\u016blyti mok\u0117jim\u0173 paslaugas visoje Europos S\u0105jungoje.<\/p>\n<p>Mes si\u016blome mok\u0117jim\u0173 s\u0105skaitas su patogia internetin\u0117s bankininkyst\u0117s sistema, valiutos keitim\u0105, unikal\u0173 mok\u0117jimo s\u0105skaitos numer\u012f (IBAN), SEPA ir SWIFT pervedimus, mok\u0117jimo korteles ir atvirosios bankininkyst\u0117s galimybes pagal PSD2 standartus.<\/p>\n\n\t\t<\/div>\n\t<\/div>\n<div class=\"vc_empty_space\"   style=\"height: 32px\"><span class=\"vc_empty_space_inner\"><\/span><\/div>\n\t<div class=\"wpb_text_column wpb_content_element  pm-text\" >\n\t\t<div class=\"wpb_wrapper\">\n\t\t\t<p class=\"p1\" style=\"text-align: center;\"><a href=\"https:\/\/onboarding.paymont.eu\/lt\/about-us\/\">Skaityti toliau<\/a><\/p>\n\n\t\t<\/div>\n\t<\/div>\n<\/div><\/div><\/div><div class=\"wpb_column vc_column_container vc_col-sm-2\"><div class=\"vc_column-inner\"><div class=\"wpb_wrapper\"><\/div><\/div><\/div><\/div><\/div><\/div><\/div><\/div><\/section><div class=\"vc_row-full-width vc_clearfix\"><\/div><section id=\"cta\" data-vc-full-width=\"true\" data-vc-full-width-init=\"false\" class=\"vc_section pm-black_cta vc_custom_1629647560867 vc_section-has-fill\"><div class=\"vc_row wpb_row vc_row-fluid pm-container vc_row-o-content-middle vc_row-flex\" ><div class=\"wpb_column vc_column_container vc_col-sm-6\"><div class=\"vc_column-inner\"><div class=\"wpb_wrapper\"><h2 style=\"color: #ffffff;text-align: left\" class=\"vc_custom_heading vc_custom_1629647875258\" ><strong>M\u016bs\u0173 patyr\u0119 partneriai<\/strong><\/h2>\n\t<div class=\"wpb_text_column wpb_content_element  text-white\" >\n\t\t<div class=\"wpb_wrapper\">\n\t\t\t<p class=\"p1\">\u201eRonda Invest\u201c yra P2B platforma, \u012fsik\u016brusi \u010cekijos Respublikoje, kuri teikia paskolas smulkiajam ir vidutiniam verslui bei si\u016blo savo klientams investuoti \u012f \u0161ias paskolas.<\/p>\n\n\t\t<\/div>\n\t<\/div>\n<\/div><\/div><\/div><div class=\"wpb_column vc_column_container vc_col-sm-6\"><div class=\"vc_column-inner\"><div class=\"wpb_wrapper\"><div class=\"vc_empty_space  d-md-none\"   style=\"height: 20px\"><span class=\"vc_empty_space_inner\"><\/span><\/div><div class=\"vc_btn3-container  btn-shadow mobile-align-left vc_btn3-right vc_custom_1637753637188\" ><a class=\"vc_general vc_btn3 vc_btn3-size-lg vc_btn3-shape-round vc_btn3-style-flat vc_btn3-color-white\" href=\"\/lt\/apply-now\/\" title=\"\">Registracija<\/a><\/div><\/div><\/div><\/div><\/div><\/section><div class=\"vc_row-full-width vc_clearfix\"><\/div><section id=\"contact\" class=\"vc_section\"><div class=\"vc_row wpb_row vc_row-fluid pm-container\" ><div class=\"wpb_column vc_column_container vc_col-sm-8\"><div class=\"vc_column-inner\"><div class=\"wpb_wrapper\"><h2 style=\"color: #0a0a0a;text-align: left\" class=\"vc_custom_heading\" >Susisiekite<br \/>\n<strong>su mumis<\/strong><\/h2>\n\t<div class=\"wpb_text_column wpb_content_element\" >\n\t\t<div class=\"wpb_wrapper\">\n\t\t\t<p class=\"p1\">Galime numatyti nuotolin\u012f susitikim\u0105, kurio metu pasikalb\u0117tume, kaip mes galime pad\u0117ti j\u016bs\u0173 verslui<\/p>\n<p class=\"p1\">Palikime mums prane\u0161im\u0105 naudodami m\u016bs\u0173 <span class=\"s1\"><a href=\"https:\/\/onboarding.paymont.eu\/lt\/contact\/#contact_form\">kontaktin\u0119 form\u0105<\/a>.<\/span><\/p>\n\n\t\t<\/div>\n\t<\/div>\n<div class=\"vc_empty_space  d-md-none\"   style=\"height: 30px\"><span class=\"vc_empty_space_inner\"><\/span><\/div><\/div><\/div><\/div><div class=\"wpb_column vc_column_container vc_col-sm-4\"><div class=\"vc_column-inner\"><div class=\"wpb_wrapper\"><div class=\"vc_empty_space\"   style=\"height: 10px\"><span class=\"vc_empty_space_inner\"><\/span><\/div>\n\t<div class=\"wpb_text_column wpb_content_element\" >\n\t\t<div class=\"wpb_wrapper\">\n\t\t\t<p class=\"p1\">Paskambinkite mums pirmadieniais-penktadieniais nuo 9 iki 16 valandos (CET).<\/p>\n\n\t\t<\/div>\n\t<\/div>\n<div class=\"vc_empty_space\"   style=\"height: 30px\"><span class=\"vc_empty_space_inner\"><\/span><\/div><div class=\"mkdf-iwt clearfix  mkdf-iwt-icon-left mkdf-iwt-icon-medium\">\n\t<div class=\"mkdf-iwt-icon\">\n\t\t\t\t\t<a itemprop=\"url\" href=\"mailto:info@paymont.eu\" target=\"_self\">\n\t\t\t\t\t\t\t\t\t    <span class=\"mkdf-icon-shortcode mkdf-normal   mkdf-icon-medium\"  data-color=\"#0a0a0a\">\n                    <i class=\"mkdf-icon-font-awesome fa fa-envelope mkdf-icon-element\" style=\"color: #0a0a0a;font-size:20px\" ><\/i>            <\/span>\n\t\t\t\t\t\t\t\t<\/a>\n\t\t\t<\/div>\n\t<div class=\"mkdf-iwt-content\" >\n\t\t\t\t\t\t\t<p class=\"mkdf-iwt-text\" style=\"color: #0a0a0a\">info@paymont.eu<\/p>\n\t\t\t<\/div>\n<\/div>\n\t<div class=\"wpb_text_column wpb_content_element\" >\n\t\t<div class=\"wpb_wrapper\">\n\t\t\t<p class=\"p1\">Jau kit\u0105 dien\u0105 su jumis susisieksime.<\/p>\n\n\t\t<\/div>\n\t<\/div>\n<\/div><\/div><\/div><\/div><\/section><section id=\"partner\" data-vc-full-width=\"true\" data-vc-full-width-init=\"false\" class=\"vc_section vc_custom_1629647537867 vc_section-has-fill\"><div class=\"vc_row wpb_row vc_row-fluid pm-container\" ><div class=\"wpb_column vc_column_container vc_col-sm-12\"><div class=\"vc_column-inner\"><div class=\"wpb_wrapper\"><div class=\"vc_row wpb_row vc_inner vc_row-fluid vc_row-o-content-middle vc_row-flex\" ><div class=\"wpb_column vc_column_container vc_col-sm-6\"><div class=\"vc_column-inner\"><div class=\"wpb_wrapper\"><h2 style=\"color: #0a0a0a;text-align: left\" class=\"vc_custom_heading\" ><strong>M\u016bs\u0173 patyr\u0119 partneriai<\/strong><\/h2><div class=\"vc_empty_space\"   style=\"height: 10px\"><span class=\"vc_empty_space_inner\"><\/span><\/div>\n\t<div class=\"wpb_text_column wpb_content_element\" >\n\t\t<div class=\"wpb_wrapper\">\n\t\t\t<p>\u201eRonda Invest\u201c yra P2B platforma, \u012fsik\u016brusi \u010cekijos Respublikoje, kuri teikia paskolas smulkiajam ir vidutiniam verslui bei si\u016blo savo klientams investuoti \u012f \u0161ias paskolas.<\/p>\n\n\t\t<\/div>\n\t<\/div>\n<\/div><\/div><\/div><div class=\"wpb_column vc_column_container vc_col-sm-6\"><div class=\"vc_column-inner\"><div class=\"wpb_wrapper\"><div class=\"vc_empty_space  d-md-none\"   style=\"height: 20px\"><span class=\"vc_empty_space_inner\"><\/span><\/div>\n\t<div id=\"ronda-logo-footer\" class=\"wpb_single_image wpb_content_element vc_align_right   mobile-align-left\">\n\t\t\n\t\t<figure class=\"wpb_wrapper vc_figure\">\n\t\t\t<a href=\"https:\/\/www.rondainvest.cz\/\" target=\"_blank\" class=\"vc_single_image-wrapper   vc_box_border_grey\"><img loading=\"lazy\" decoding=\"async\" width=\"813\" height=\"813\" src=\"https:\/\/onboarding.paymont.eu\/wp-content\/uploads\/2024\/03\/ctverec_logo_transp.png\" class=\"vc_single_image-img attachment-full\" alt=\"\" srcset=\"https:\/\/onboarding.paymont.eu\/wp-content\/uploads\/2024\/03\/ctverec_logo_transp.png 813w, https:\/\/onboarding.paymont.eu\/wp-content\/uploads\/2024\/03\/ctverec_logo_transp-300x300.png 300w, https:\/\/onboarding.paymont.eu\/wp-content\/uploads\/2024\/03\/ctverec_logo_transp-150x150.png 150w, https:\/\/onboarding.paymont.eu\/wp-content\/uploads\/2024\/03\/ctverec_logo_transp-768x768.png 768w, https:\/\/onboarding.paymont.eu\/wp-content\/uploads\/2024\/03\/ctverec_logo_transp-12x12.png 12w, https:\/\/onboarding.paymont.eu\/wp-content\/uploads\/2024\/03\/ctverec_logo_transp-550x550.png 550w\" sizes=\"auto, (max-width: 813px) 100vw, 813px\" \/><\/a>\n\t\t<\/figure>\n\t<\/div>\n<\/div><\/div><\/div><\/div><\/div><\/div><\/div><\/div><\/section><div class=\"vc_row-full-width vc_clearfix\"><\/div>","protected":false},"excerpt":{"rendered":"Professional payment services For individuals and corporate clients from all around the world\u2026\u00a0 Open Account Find out more Our ServicesPayment account for trust fundOpen an online account for your trust fundMulticurrency payment account Our business accounts make international payments faster, [...]","protected":false},"author":2,"featured_media":0,"parent":0,"menu_order":0,"comment_status":"closed","ping_status":"closed","template":"","meta":{"_acf_changed":false,"footnotes":""},"class_list":["post-322","page","type-page","status-publish","hentry"],"acf":[],"_links":{"self":[{"href":"https:\/\/onboarding.paymont.eu\/lt\/wp-json\/wp\/v2\/pages\/322","targetHints":{"allow":["GET"]}}],"collection":[{"href":"https:\/\/onboarding.paymont.eu\/lt\/wp-json\/wp\/v2\/pages"}],"about":[{"href":"https:\/\/onboarding.paymont.eu\/lt\/wp-json\/wp\/v2\/types\/page"}],"author":[{"embeddable":true,"href":"https:\/\/onboarding.paymont.eu\/lt\/wp-json\/wp\/v2\/users\/2"}],"replies":[{"embeddable":true,"href":"https:\/\/onboarding.paymont.eu\/lt\/wp-json\/wp\/v2\/comments?post=322"}],"version-history":[{"count":154,"href":"https:\/\/onboarding.paymont.eu\/lt\/wp-json\/wp\/v2\/pages\/322\/revisions"}],"predecessor-version":[{"id":1671,"href":"https:\/\/onboarding.paymont.eu\/lt\/wp-json\/wp\/v2\/pages\/322\/revisions\/1671"}],"wp:attachment":[{"href":"https:\/\/onboarding.paymont.eu\/lt\/wp-json\/wp\/v2\/media?parent=322"}],"curies":[{"name":"wp","href":"https:\/\/api.w.org\/{rel}","templated":true}]}}