{"id":861,"date":"2022-07-19T08:43:05","date_gmt":"2022-07-19T08:43:05","guid":{"rendered":"https:\/\/onboarding.paymont.eu\/?page_id=861"},"modified":"2026-02-13T13:42:15","modified_gmt":"2026-02-13T13:42:15","slug":"documents","status":"publish","type":"page","link":"https:\/\/onboarding.paymont.eu\/lt\/documents\/","title":{"rendered":"Dokumentai"},"content":{"rendered":"<section class=\"vc_section pm-section\"><div class=\"vc_row wpb_row vc_row-fluid white-box vc_custom_1759912183643\" ><div class=\"wpb_column vc_column_container vc_col-sm-12\"><div class=\"vc_column-inner\"><div class=\"wpb_wrapper\"><div class=\"vc_row wpb_row vc_inner vc_row-fluid white-box\" ><div class=\"wpb_column vc_column_container vc_col-sm-12\"><div class=\"vc_column-inner\"><div class=\"wpb_wrapper\"><h3 style=\"font-size: 19px;text-align: left\" class=\"vc_custom_heading vc_custom_1764606299513\" >Tariff of PAYMONT, UAB effective from 01\/12\/2025 (for clients not using services of company RONDA INVEST a.s.)<\/h3>\n\t<div class=\"wpb_text_column wpb_content_element\" >\n\t\t<div class=\"wpb_wrapper\">\n\t\t\t<p>English<\/p>\n<p><a href=\"https:\/\/onboarding.paymont.eu\/wp-content\/uploads\/2025\/12\/paymont-pricing-effective-01-12-2025.pdf\" target=\"_blank\" rel=\"noopener\">View document<\/a><\/p>\n\n\t\t<\/div>\n\t<\/div>\n<\/div><\/div><\/div><\/div><div class=\"vc_row wpb_row vc_inner vc_row-fluid white-box\" ><div class=\"wpb_column vc_column_container vc_col-sm-12\"><div class=\"vc_column-inner\"><div class=\"wpb_wrapper\"><h3 style=\"font-size: 19px;text-align: left\" class=\"vc_custom_heading vc_custom_1767711546425\" >Tariff of PAYMONT UAB valid from 1.1.2026 (for clients using the services of RONDA INVEST a.s.)<\/h3>\n\t<div class=\"wpb_text_column wpb_content_element\" >\n\t\t<div class=\"wpb_wrapper\">\n\t\t\t<p>English\/Czech<\/p>\n<p><a href=\"https:\/\/onboarding.paymont.eu\/wp-content\/uploads\/2026\/01\/Paymont-Pricing-Rondainvest.pdf\">View document<\/a><\/p>\n\n\t\t<\/div>\n\t<\/div>\n<\/div><\/div><\/div><\/div><div class=\"vc_row wpb_row vc_inner vc_row-fluid white-box\" ><div class=\"wpb_column vc_column_container vc_col-sm-12\"><div class=\"vc_column-inner\"><div class=\"wpb_wrapper\"><h3 style=\"font-size: 19px;text-align: left\" class=\"vc_custom_heading vc_custom_1759910972461\" ><a href=\"https:\/\/onboarding.paymont.eu\/wp-content\/uploads\/2024\/01\/Paymont_XML_batches_documentation.pdf\" target=\"_blank\" title=\"Paymont XML Batches Documentation\">Verification of Payee<\/a><\/h3>\n\t<div class=\"wpb_text_column wpb_content_element\" >\n\t\t<div class=\"wpb_wrapper\">\n\t\t\t<p>English\/Czech<\/p>\n<p><a href=\"https:\/\/onboarding.paymont.eu\/wp-content\/uploads\/2025\/10\/Paymont_VOP_Manual_ENG.pdf\" target=\"_blank\" rel=\"noopener\">View document<\/a><\/p>\n<p><a href=\"https:\/\/onboarding.paymont.eu\/wp-content\/uploads\/2025\/10\/Paymont_VOP_Manual_CZ.pdf\" target=\"_blank\" rel=\"noopener\">View document<\/a><\/p>\n\n\t\t<\/div>\n\t<\/div>\n<\/div><\/div><\/div><\/div><div class=\"vc_empty_space\"   style=\"height: 32px\"><span class=\"vc_empty_space_inner\"><\/span><\/div><div class=\"vc_row wpb_row vc_inner vc_row-fluid white-box\" ><div class=\"wpb_column vc_column_container vc_col-sm-12\"><div class=\"vc_column-inner\"><div class=\"wpb_wrapper\"><h3 style=\"font-size: 19px;text-align: left\" class=\"vc_custom_heading vc_custom_1706086668313\" ><a href=\"https:\/\/onboarding.paymont.eu\/wp-content\/uploads\/2024\/01\/Paymont_XML_batches_documentation.pdf\" target=\"_blank\" title=\"Paymont XML Batches Documentation\">Import XML Batches Documentation<\/a><\/h3>\n\t<div class=\"wpb_text_column wpb_content_element\" >\n\t\t<div class=\"wpb_wrapper\">\n\t\t\t<p>English<\/p>\n<p><a href=\"https:\/\/onboarding.paymont.eu\/wp-content\/uploads\/2025\/08\/Paymont_XML_batches_documentation_v3.pdf\" target=\"_blank\" rel=\"noopener\">View document<\/a><\/p>\n\n\t\t<\/div>\n\t<\/div>\n<\/div><\/div><\/div><\/div><div class=\"vc_empty_space\"   style=\"height: 32px\"><span class=\"vc_empty_space_inner\"><\/span><\/div><div class=\"vc_row wpb_row vc_inner vc_row-fluid white-box\" ><div class=\"wpb_column vc_column_container vc_col-sm-12\"><div class=\"vc_column-inner\"><div class=\"wpb_wrapper\"><h3 style=\"font-size: 19px;text-align: left\" class=\"vc_custom_heading vc_custom_1689951236828\" >Known fraud schemes<\/h3>\n\t<div class=\"wpb_text_column wpb_content_element\" >\n\t\t<div class=\"wpb_wrapper\">\n\t\t\t<p>English<\/p>\n<p><a href=\"https:\/\/onboarding.paymont.eu\/wp-content\/uploads\/2025\/07\/Known-fraud-schemes.pdf\" target=\"_blank\" rel=\"noopener\">View document<\/a><\/p>\n\n\t\t<\/div>\n\t<\/div>\n<\/div><\/div><\/div><\/div><div class=\"vc_empty_space\"   style=\"height: 32px\"><span class=\"vc_empty_space_inner\"><\/span><\/div><div class=\"vc_row wpb_row vc_inner vc_row-fluid white-box\" ><div class=\"wpb_column vc_column_container vc_col-sm-12\"><div class=\"vc_column-inner\"><div class=\"wpb_wrapper\"><h3 style=\"font-size: 19px;text-align: left\" class=\"vc_custom_heading vc_custom_1689951221805\" >KYC procedure and documents guidelines<\/h3>\n\t<div class=\"wpb_text_column wpb_content_element\" >\n\t\t<div class=\"wpb_wrapper\">\n\t\t\t<p>English<\/p>\n<p><a href=\"https:\/\/onboarding.paymont.eu\/wp-content\/uploads\/2023\/07\/Onboarding_KYC_Process_and_Required_Documents_Guidelines.pdf\" target=\"_blank\" rel=\"noopener\">View document<\/a><\/p>\n\n\t\t<\/div>\n\t<\/div>\n<\/div><\/div><\/div><\/div><div class=\"vc_empty_space\"   style=\"height: 32px\"><span class=\"vc_empty_space_inner\"><\/span><\/div><div class=\"vc_row wpb_row vc_inner vc_row-fluid white-box\" ><div class=\"wpb_column vc_column_container vc_col-sm-12\"><div class=\"vc_column-inner\"><div class=\"wpb_wrapper\"><h3 style=\"font-size: 19px;text-align: left\" class=\"vc_custom_heading vc_custom_1689951199342\" >AML\/CTF Glossary definitions and FAQ<\/h3>\n\t<div class=\"wpb_text_column wpb_content_element\" >\n\t\t<div class=\"wpb_wrapper\">\n\t\t\t<p>English<\/p>\n<p><a href=\"https:\/\/onboarding.paymont.eu\/wp-content\/uploads\/2023\/07\/AMLCFT_FAQ_Definitions.pdf\" target=\"_blank\" rel=\"noopener\">View document<\/a><\/p>\n\n\t\t<\/div>\n\t<\/div>\n<\/div><\/div><\/div><\/div><div class=\"vc_empty_space\"   style=\"height: 32px\"><span class=\"vc_empty_space_inner\"><\/span><\/div><div class=\"vc_row wpb_row vc_inner vc_row-fluid white-box\" ><div class=\"wpb_column vc_column_container vc_col-sm-12\"><div class=\"vc_column-inner\"><div class=\"wpb_wrapper\"><h3 style=\"font-size: 19px;text-align: left\" class=\"vc_custom_heading vc_custom_1689943793385\" >Security information<\/h3>\n\t<div class=\"wpb_text_column wpb_content_element\" >\n\t\t<div class=\"wpb_wrapper\">\n\t\t\t<p>English<\/p>\n<p><a href=\"https:\/\/onboarding.paymont.eu\/wp-content\/uploads\/2023\/07\/SECURITY_INFORMATION.pdf\" target=\"_blank\" rel=\"noopener\">View document<\/a><\/p>\n\n\t\t<\/div>\n\t<\/div>\n<\/div><\/div><\/div><\/div><div class=\"vc_empty_space\"   style=\"height: 32px\"><span class=\"vc_empty_space_inner\"><\/span><\/div><div class=\"vc_empty_space\"   style=\"height: 32px\"><span class=\"vc_empty_space_inner\"><\/span><\/div><div class=\"vc_row wpb_row vc_inner vc_row-fluid white-box\" ><div class=\"wpb_column vc_column_container vc_col-sm-12\"><div class=\"vc_column-inner\"><div class=\"wpb_wrapper\"><h3 style=\"font-size: 19px;text-align: left\" class=\"vc_custom_heading vc_custom_1658221571136\" >General payment services agreement effective from 15.7.2022<\/h3>\n\t<div class=\"wpb_text_column wpb_content_element\" >\n\t\t<div class=\"wpb_wrapper\">\n\t\t\t<p>English\/Czech<\/p>\n<p><a href=\"https:\/\/onboarding.paymont.eu\/wp-content\/uploads\/2022\/07\/PAYMONT_General_terms_ver.2022_07_15.pdf\" target=\"_blank\" rel=\"noopener\">View document<\/a><\/p>\n\n\t\t<\/div>\n\t<\/div>\n<\/div><\/div><\/div><\/div><div class=\"vc_empty_space\"   style=\"height: 32px\"><span class=\"vc_empty_space_inner\"><\/span><\/div><div class=\"vc_empty_space\"   style=\"height: 32px\"><span class=\"vc_empty_space_inner\"><\/span><\/div><div class=\"vc_row wpb_row vc_inner vc_row-fluid white-box\" ><div class=\"wpb_column vc_column_container vc_col-sm-12\"><div class=\"vc_column-inner\"><div class=\"wpb_wrapper\"><h3 style=\"font-size: 19px;text-align: left\" class=\"vc_custom_heading vc_custom_1658221588887\" >Tariff of PAYMONT UAB valid from 15.7.2022 (for clients using the services of RONDA INVEST a.s.)<\/h3>\n\t<div class=\"wpb_text_column wpb_content_element\" >\n\t\t<div class=\"wpb_wrapper\">\n\t\t\t<p>English\/Czech<\/p>\n<p><a href=\"https:\/\/onboarding.paymont.eu\/lt\/Sazebnik_Tariff_RI.pdf\/\">View document<\/a><\/p>\n\n\t\t<\/div>\n\t<\/div>\n<\/div><\/div><\/div><\/div><div class=\"vc_row wpb_row vc_inner vc_row-fluid white-box\" ><div class=\"wpb_column vc_column_container vc_col-sm-12\"><div class=\"vc_column-inner\"><div class=\"wpb_wrapper\"><h3 style=\"font-size: 19px;text-align: left\" class=\"vc_custom_heading vc_custom_1734687545647\" >Privacy policy (in force form 2022-07-15 to 2023-12-19)<\/h3>\n\t<div class=\"wpb_text_column wpb_content_element\" >\n\t\t<div class=\"wpb_wrapper\">\n\t\t\t<p>English\/Czech<\/p>\n<p><a href=\"https:\/\/onboarding.paymont.eu\/wp-content\/uploads\/2022\/07\/Privacy_Policy_2022_07_15.pdf\">View document<\/a><\/p>\n\n\t\t<\/div>\n\t<\/div>\n<\/div><\/div><\/div><\/div><div class=\"vc_empty_space\"   style=\"height: 32px\"><span class=\"vc_empty_space_inner\"><\/span><\/div><div class=\"vc_row wpb_row vc_inner vc_row-fluid white-box\" ><div class=\"wpb_column vc_column_container vc_col-sm-12\"><div class=\"vc_column-inner\"><div class=\"wpb_wrapper\"><h3 style=\"font-size: 19px;text-align: left\" class=\"vc_custom_heading vc_custom_1752582729204\" ><a href=\"https:\/\/onboarding.paymont.eu\/wp-content\/uploads\/2025\/07\/Privacy_Notice_customers_v2_2024-12-16.pdf\">Privacy Notice for Customers<\/a><\/h3>\n\t<div class=\"wpb_text_column wpb_content_element\" >\n\t\t<div class=\"wpb_wrapper\">\n\t\t\t<p>English<br \/>\n<a href=\"https:\/\/onboarding.paymont.eu\/wp-content\/uploads\/2025\/07\/Privacy_Notice_customers_v2_2024-12-16.pdf\">View document<\/a><\/p>\n\n\t\t<\/div>\n\t<\/div>\n<\/div><\/div><\/div><\/div><div class=\"vc_empty_space\"   style=\"height: 32px\"><span class=\"vc_empty_space_inner\"><\/span><\/div><div class=\"vc_row wpb_row vc_inner vc_row-fluid white-box\" ><div class=\"wpb_column vc_column_container vc_col-sm-12\"><div class=\"vc_column-inner\"><div class=\"wpb_wrapper\"><h3 style=\"font-size: 19px;text-align: left\" class=\"vc_custom_heading vc_custom_1658221597285\" >Security instructions for using online banking<\/h3>\n\t<div class=\"wpb_text_column wpb_content_element\" >\n\t\t<div class=\"wpb_wrapper\">\n\t\t\t<p>English\/Czech<\/p>\n<p><a href=\"https:\/\/onboarding.paymont.eu\/wp-content\/uploads\/2022\/07\/Security_Instructions_Online_Banking_2022_07_15.pdf\">View document<\/a><\/p>\n\n\t\t<\/div>\n\t<\/div>\n<\/div><\/div><\/div><\/div><div class=\"vc_empty_space\"   style=\"height: 32px\"><span class=\"vc_empty_space_inner\"><\/span><\/div><div class=\"vc_row wpb_row vc_inner vc_row-fluid white-box\" ><div class=\"wpb_column vc_column_container vc_col-sm-12\"><div class=\"vc_column-inner\"><div class=\"wpb_wrapper\"><h3 style=\"font-size: 19px;text-align: left\" class=\"vc_custom_heading vc_custom_1741785681794\" >Notification regarding processing of payments effective from 01.03.2025<\/h3>\n\t<div class=\"wpb_text_column wpb_content_element\" >\n\t\t<div class=\"wpb_wrapper\">\n\t\t\t<p>English\/Czech<\/p>\n<p><a href=\"https:\/\/onboarding.paymont.eu\/wp-content\/uploads\/2025\/03\/Processing_payments_2025_03_01.pdf\">View document<\/a><\/p>\n\n\t\t<\/div>\n\t<\/div>\n<\/div><\/div><\/div><\/div><div class=\"vc_empty_space\"   style=\"height: 32px\"><span class=\"vc_empty_space_inner\"><\/span><\/div><div class=\"vc_row wpb_row vc_inner vc_row-fluid white-box\" ><div class=\"wpb_column vc_column_container vc_col-sm-12\"><div class=\"vc_column-inner\"><div class=\"wpb_wrapper\"><h3 style=\"font-size: 19px;text-align: left\" class=\"vc_custom_heading vc_custom_1659972155234\" >Pre-contractual information notice with PAYMONT, UAB effective from 15.7.2022<\/h3>\n\t<div class=\"wpb_text_column wpb_content_element\" >\n\t\t<div class=\"wpb_wrapper\">\n\t\t\t<p>English\/Czech<\/p>\n<p><a href=\"https:\/\/onboarding.paymont.eu\/wp-content\/uploads\/2024\/04\/Predsmluni_info_2022_07_15.pdf\">View document<\/a><\/p>\n\n\t\t<\/div>\n\t<\/div>\n<\/div><\/div><\/div><\/div><div class=\"vc_row wpb_row vc_inner vc_row-fluid white-box\" ><div class=\"wpb_column vc_column_container vc_col-sm-12\"><div class=\"vc_column-inner\"><div class=\"wpb_wrapper\"><h3 style=\"font-size: 19px;text-align: left\" class=\"vc_custom_heading vc_custom_1764606617856\" >Tariff of PAYMONT UAB valid from 01\/07\/2023 till 30\/11\/2025 (for clients not using services of company RONDA INVEST a.s.)<\/h3>\n\t<div class=\"wpb_text_column wpb_content_element\" >\n\t\t<div class=\"wpb_wrapper\">\n\t\t\t<p>English\/Czech<\/p>\n<p><a href=\"https:\/\/onboarding.paymont.eu\/wp-content\/uploads\/2023\/09\/Tariff_Non-RI_2023-07-01_nonclients_RI.pdf\" target=\"_blank\" rel=\"noopener\">View document<\/a><\/p>\n\n\t\t<\/div>\n\t<\/div>\n<\/div><\/div><\/div><\/div><div class=\"vc_empty_space\"   style=\"height: 32px\"><span class=\"vc_empty_space_inner\"><\/span><\/div><div class=\"vc_row wpb_row vc_inner vc_row-fluid white-box\" ><div class=\"wpb_column vc_column_container vc_col-sm-12\"><div class=\"vc_column-inner\"><div class=\"wpb_wrapper\"><h3 style=\"font-size: 19px;text-align: left\" class=\"vc_custom_heading vc_custom_1748003392439\" >Tariff of PAYMONT UAB valid from 01\/09\/2024 (for trusts)<\/h3>\n\t<div class=\"wpb_text_column wpb_content_element\" >\n\t\t<div class=\"wpb_wrapper\">\n\t\t\t<p>English\/Czech<\/p>\n<p><a href=\"https:\/\/onboarding.paymont.eu\/wp-content\/uploads\/2024\/08\/Tariff_trusts_01-09-2024.pdf\" target=\"_blank\" rel=\"noopener\">View document<\/a><\/p>\n\n\t\t<\/div>\n\t<\/div>\n<\/div><\/div><\/div><\/div><div class=\"vc_empty_space\"   style=\"height: 32px\"><span class=\"vc_empty_space_inner\"><\/span><\/div><div class=\"vc_row wpb_row vc_inner vc_row-fluid white-box\" ><div class=\"wpb_column vc_column_container vc_col-sm-12\"><div class=\"vc_column-inner\"><div class=\"wpb_wrapper\"><h3 style=\"font-size: 19px;text-align: left\" class=\"vc_custom_heading vc_custom_1749549824302\" ><a href=\"https:\/\/onboarding.paymont.eu\/wp-content\/uploads\/2025\/06\/Standartine_Skundo_nagrinejimo_procedura_LT.pdf\">\u012eprasta skund\u0173 tvarka<\/a><\/h3>\n\t<div class=\"wpb_text_column wpb_content_element\" >\n\t\t<div class=\"wpb_wrapper\">\n\t\t\t<p>Lietuvi\u0173<\/p>\n<p><a href=\"https:\/\/onboarding.paymont.eu\/wp-content\/uploads\/2025\/06\/Standartine_Skundo_nagrinejimo_procedura_LT.pdf\" target=\"_blank\" rel=\"noopener\">Per\u017ei\u016br\u0117ti dokument\u0105<\/a><\/p>\n\n\t\t<\/div>\n\t<\/div>\n<\/div><\/div><\/div><\/div><div class=\"vc_empty_space\"   style=\"height: 32px\"><span class=\"vc_empty_space_inner\"><\/span><\/div><div class=\"vc_row wpb_row vc_inner vc_row-fluid white-box\" ><div class=\"wpb_column vc_column_container vc_col-sm-12\"><div class=\"vc_column-inner\"><div class=\"wpb_wrapper\"><h3 style=\"font-size: 19px;text-align: left\" class=\"vc_custom_heading vc_custom_1725374248166\" >Svetain\u0117s atskleidimo \u0161ablonas<\/h3>\n\t<div class=\"wpb_text_column wpb_content_element\" >\n\t\t<div class=\"wpb_wrapper\">\n\t\t\t<p>Lietuvi\u0173<\/p>\n<p><a href=\"https:\/\/onboarding.paymont.eu\/wp-content\/uploads\/2024\/09\/Web-Disclosure-Template-Notification-on-Violation-LT.pdf\">Per\u017ei\u016br\u0117ti dokument\u0105<\/a><\/p>\n\n\t\t<\/div>\n\t<\/div>\n<\/div><\/div><\/div><\/div><div class=\"vc_empty_space\"   style=\"height: 32px\"><span class=\"vc_empty_space_inner\"><\/span><\/div><div class=\"vc_row wpb_row vc_inner vc_row-fluid white-box\" ><div class=\"wpb_column vc_column_container vc_col-sm-12\"><div class=\"vc_column-inner\"><div class=\"wpb_wrapper\"><h3 style=\"font-size: 19px;text-align: left\" class=\"vc_custom_heading vc_custom_1735896362068\" >Informacija d\u0117l prane\u0161im\u0173 teikimo pagal Lietuvos Respublikos prane\u0161\u0117j\u0173 apsaugos \u012fstatym\u0105.<\/h3>\n\t<div class=\"wpb_text_column wpb_content_element\" >\n\t\t<div class=\"wpb_wrapper\">\n\t\t\t<p>Lietuvi\u0173<\/p>\n<p><a href=\"https:\/\/onboarding.paymont.eu\/wp-content\/uploads\/2026\/02\/Informacija-del-pranesimu-teikimo-pagal-Lietuvos-Respublikos-praneseju-apsaugos-istatyma.pdf\">Per\u017ei\u016br\u0117ti dokument\u0105<\/a><\/p>\n\n\t\t<\/div>\n\t<\/div>\n<\/div><\/div><\/div><\/div><div class=\"vc_empty_space\"   style=\"height: 32px\"><span class=\"vc_empty_space_inner\"><\/span><\/div><div class=\"vc_empty_space\"   style=\"height: 32px\"><span class=\"vc_empty_space_inner\"><\/span><\/div><div class=\"vc_empty_space\"   style=\"height: 32px\"><span class=\"vc_empty_space_inner\"><\/span><\/div><\/div><\/div><\/div><\/div><\/section>","protected":false},"excerpt":{"rendered":"Tariff of PAYMONT, UAB effective from 01\/12\/2025 (for clients not using services of company RONDA INVEST a.s.) English View document Tariff of PAYMONT UAB valid from 1.1.2026 (for clients using the services of RONDA INVEST a.s.) English\/Czech View document Verification [...]","protected":false},"author":2,"featured_media":0,"parent":0,"menu_order":0,"comment_status":"closed","ping_status":"closed","template":"","meta":{"_acf_changed":false,"footnotes":""},"class_list":["post-861","page","type-page","status-publish","hentry"],"acf":[],"_links":{"self":[{"href":"https:\/\/onboarding.paymont.eu\/lt\/wp-json\/wp\/v2\/pages\/861","targetHints":{"allow":["GET"]}}],"collection":[{"href":"https:\/\/onboarding.paymont.eu\/lt\/wp-json\/wp\/v2\/pages"}],"about":[{"href":"https:\/\/onboarding.paymont.eu\/lt\/wp-json\/wp\/v2\/types\/page"}],"author":[{"embeddable":true,"href":"https:\/\/onboarding.paymont.eu\/lt\/wp-json\/wp\/v2\/users\/2"}],"replies":[{"embeddable":true,"href":"https:\/\/onboarding.paymont.eu\/lt\/wp-json\/wp\/v2\/comments?post=861"}],"version-history":[{"count":136,"href":"https:\/\/onboarding.paymont.eu\/lt\/wp-json\/wp\/v2\/pages\/861\/revisions"}],"predecessor-version":[{"id":1681,"href":"https:\/\/onboarding.paymont.eu\/lt\/wp-json\/wp\/v2\/pages\/861\/revisions\/1681"}],"wp:attachment":[{"href":"https:\/\/onboarding.paymont.eu\/lt\/wp-json\/wp\/v2\/media?parent=861"}],"curies":[{"name":"wp","href":"https:\/\/api.w.org\/{rel}","templated":true}]}}